{"id":944,"date":"2019-10-30T13:55:23","date_gmt":"2019-10-30T12:55:23","guid":{"rendered":"https:\/\/ih.olsztyn.pl\/?page_id=944"},"modified":"2026-03-23T13:17:30","modified_gmt":"2026-03-23T12:17:30","slug":"deklaracja-dostepnosci","status":"publish","type":"page","link":"https:\/\/ih.olsztyn.pl\/index.php\/deklaracja-dostepnosci\/","title":{"rendered":"Deklaracja dost\u0119pno\u015bci"},"content":{"rendered":"<p><strong>Deklaracja dost\u0119pno\u015bci serwisu ih.olsztyn.pl<\/strong><\/p>\n<p>Wojew\u00f3dzki Inspektorat Inspekcji Handlowej w Olsztynie\u00a0zobowi\u0105zuje si\u0119 zapewni\u0107 dost\u0119pno\u015b\u0107 strony internetowej ih.olsztyn.pl zgodnie z ustaw\u0105 z dnia 4 kwietnia 2019 r. o dost\u0119pno\u015bci cyfrowej stron internetowych i aplikacji mobilnych podmiot\u00f3w publicznych. O\u015bwiadczenie w sprawie dost\u0119pno\u015bci ma zastosowanie do\u00a0<a href=\"https:\/\/ih.olsztyn.pl\">serwisu internetowego ih.olsztyn.pl<\/a><\/p>\n<p>Data publikacji strony internetowej:\u00a017.05.2018r.<\/p>\n<p>Data ostatniej du\u017cej aktualizacji: 16.10.2019r.<\/p>\n<p>Strona internetowa jest zgodna z ustaw\u0105 o dost\u0119pno\u015bci cyfrowej stron internetowych i aplikacji mobilnych podmiot\u00f3w publicznych.<\/p>\n<p>O\u015bwiadczenie sporz\u0105dzono dnia\u00a030.10.2019r.<\/p>\n<p>Deklaracj\u0119 dost\u0119pno\u015bci sporz\u0105dzono na podstawie samooceny przeprowadzonej przez podmiot publiczny.<\/p>\n<p>Deklaracja dost\u0119pno\u015bci aktualna na dzie\u0144 23.03.2026r.<\/p>\n<p>Na stronie internetowej mo\u017cna korzysta\u0107 ze standardowych skr\u00f3t\u00f3w klawiaturowych.<\/p>\n<p>&nbsp;<\/p>\n<p><strong>Informacje zwrotne i dane kontaktowe<\/strong><\/p>\n<p>Podmiotem odpowiedzialnym za stron\u0119 jest Wojew\u00f3dzki Inspektorat Inspekcji Handlowej w Olsztynie, ul. D\u0105browszczak\u00f3w 10, 10-540 Olsztyn.<\/p>\n<p>W przypadku problem\u00f3w z dost\u0119pno\u015bci\u0105 strony internetowej prosimy o kontakt. Osob\u0105 odpowiedzialn\u0105 jest <strong>Koordynator do spraw dost\u0119pno\u015bci: <span style=\"text-decoration: underline;\">Ewelina Antczak-Bobi\u0144ska.<\/span><\/strong><\/p>\n<p><strong>Wojew\u00f3dzki Inspektorat Inspekcji Handlowej w Olsztynie \u2013 Delegatura w Elbl\u0105gu<\/strong><\/p>\n<p>ul. Wojska Polskiego 1, 82-300 Elbl\u0105g<\/p>\n<p><strong>tel: <\/strong>(55) 641-78-81 <strong>fax: <\/strong>(55) 641-78-80<\/p>\n<p><strong>e-mail: <\/strong><a href=\"mailto:elbl\u0105g@ih.olsztyn.pl\">elbl\u0105g@ih.olsztyn.pl<\/a><\/p>\n<p><strong> Godziny urz\u0119dowania:<\/strong><\/p>\n<table class=\"mceItemTable\">\n<tbody>\n<tr>\n<td>poniedzia\u0142ek:<\/td>\n<td>7.30 \u2013 15.30<\/td>\n<\/tr>\n<tr>\n<td>wtorek:<\/td>\n<td>7.30 \u2013 15.30<\/td>\n<\/tr>\n<tr>\n<td>\u015broda:<\/td>\n<td>7.30 \u2013 15.30<\/td>\n<\/tr>\n<tr>\n<td>czwartek:<\/td>\n<td>7.30 \u2013 15.30<\/td>\n<\/tr>\n<tr>\n<td>pi\u0105tek:<\/td>\n<td>7.30 \u2013 15.30<\/td>\n<\/tr>\n<\/tbody>\n<\/table>\n<p>Na adres e-mail lub pocztowy podany powy\u017cej mo\u017cna sk\u0142ada\u0107 wnioski o udost\u0119pnienie informacji niedost\u0119pnej oraz sk\u0142ada\u0107 skargi na brak zapewnienia dost\u0119pno\u015bci.<\/p>\n<p>Ka\u017cdy ma prawo do wyst\u0105pienia z \u017c\u0105daniem zapewnienia dost\u0119pno\u015bci cyfrowej strony internetowej, aplikacji mobilnej lub jakiego\u015b ich elementu. Mo\u017cna tak\u017ce za\u017c\u0105da\u0107 udost\u0119pnienia informacji w formach alternatywnych, na przyk\u0142ad odczytanie niedost\u0119pnego cyfrowo dokumentu, opisania zawarto\u015bci filmu bez audiodeskrypcji itp. \u017b\u0105danie powinno zawiera\u0107 dane osoby zg\u0142aszaj\u0105cej \u017c\u0105danie, wskazanie, o kt\u00f3r\u0105 stron\u0119 internetow\u0105 lub aplikacj\u0119 mobiln\u0105 chodzi oraz spos\u00f3b kontaktu. Je\u017celi osoba \u017c\u0105daj\u0105ca zg\u0142asza potrzeb\u0119 otrzymania informacji w formie alternatywnej, powinna tak\u017ce okre\u015bli\u0107 form\u0119 tej informacji.<\/p>\n<p>Podmiot publiczny powinien zrealizowa\u0107 \u017c\u0105danie niezw\u0142ocznie i nie p\u00f3\u017aniej, ni\u017c w ci\u0105gu 7 dni. Je\u017celi dotrzymanie tego terminu nie jest mo\u017cliwe, podmiot publiczny niezw\u0142ocznie informuje o tym, kiedy realizacja \u017c\u0105dania b\u0119dzie mo\u017cliwa, przy czym termin ten nie mo\u017ce by\u0107 d\u0142u\u017cszy ni\u017c 2 miesi\u0105ce. Je\u017celi zapewnienie dost\u0119pno\u015bci nie jest mo\u017cliwe, podmiot publiczny mo\u017ce zaproponowa\u0107 alternatywny spos\u00f3b dost\u0119pu do informacji.<\/p>\n<p>W przypadku, gdy podmiot odm\u00f3wi realizacji \u017c\u0105dania zapewnienia dost\u0119pno\u015bci lub alternatywnego dost\u0119pu do informacji, mo\u017cna z\u0142o\u017cy\u0107 skarg\u0119 na takie dzia\u0142anie.<\/p>\n<p>Po wyczerpaniu wszystkich mo\u017cliwo\u015bci skarg\u0119 mo\u017cna przes\u0142a\u0107 tak\u017ce do <a href=\"https:\/\/www.rpo.gov.pl\/content\/jak-zglosic-sie-do-rzecznika-praw-obywatelskich\">Rzecznika Praw Obywatelskich<\/a>.<\/p>\n<p>&nbsp;<\/p>\n<p><strong>Dost\u0119pno\u015b\u0107 architektoniczna<\/strong><\/p>\n<p><em><u>Wojew\u00f3dzki Inspektorat Inspekcji Handlowej w Olsztynie, ul. D\u0105browszczak\u00f3w 10, 10-540 Olsztyn.<\/u><\/em><\/p>\n<p>Siedziba urz\u0119du znajduje si\u0119 na drugim pi\u0119trze budynku \u201eVilla Fortuna\u201d. Budynek nie posiada podjazdu dla w\u00f3zk\u00f3w inwalidzkich lub windy umo\u017cliwiaj\u0105cej wjechanie na drugie pi\u0119tro.<\/p>\n<p>Dla os\u00f3b na w\u00f3zkach lub os\u00f3b maj\u0105cych problemy z poruszaniem si\u0119 podmiot posiada swoj\u0105 siedzib\u0119 w budynku Urz\u0119du Wojew\u00f3dzkiego w Olsztynie, Al. M. J. Pi\u0142sudskiego 7\/9, 10-575 Olsztyn, pok\u00f3j nr 47. Pok\u00f3j mie\u015bci si\u0119 na parterze. Osoba na w\u00f3zku inwalidzkim mo\u017ce skorzysta\u0107 z podjazdu od strony ul. Pi\u0142sudskiego.<\/p>\n<p>Przed budynkiem wyznaczono 1 miejsce parkingowe dla osoby niepe\u0142nosprawnej, w bliskiej odleg\u0142o\u015bci znajduj\u0105 si\u0119 r\u00f3wnie\u017c miejsca postojowe dla os\u00f3b niepe\u0142nosprawnych.<\/p>\n<p>Do budynku i wszystkich jego pomieszcze\u0144 mo\u017cna wej\u015b\u0107 z psem asystuj\u0105cym i psem przewodnikiem.<\/p>\n<p>W budynku nie ma oznacze\u0144 w alfabecie brajla ani oznacze\u0144 kontrastowych lub w druku powi\u0119kszonym dla os\u00f3b niewidomych i s\u0142abowidz\u0105cych<\/p>\n<p><em><u>Delegatura Inspekcji Handlowej w E\u0142ku, ul. Chopina 15, 19-300 E\u0142k<\/u><\/em><\/p>\n<p>Siedziba znajduje si\u0119 na trzecim pi\u0119trze (poddasze). Budynek posiada podjazd dla w\u00f3zk\u00f3w inwalidzkich ale nie posiada windy kt\u00f3ra umo\u017cliwi\u0142aby dostanie si\u0119 na w\u00f3zku do siedziby urz\u0119du. W razie potrzeby na dole budynku zostaje udost\u0119pniony pok\u00f3j w kt\u00f3rym pracownicy delegatury IH mog\u0105 obs\u0142u\u017cy\u0107 osob\u0119 kt\u00f3ra nie mo\u017ce dosta\u0107 si\u0119 na g\u00f3r\u0119.<\/p>\n<p>Przed budynkiem wyznaczono miejsce parkingowe dla osoby niepe\u0142nosprawnej.<\/p>\n<p>Do budynku i wszystkich jego pomieszcze\u0144 mo\u017cna wej\u015b\u0107 z psem asystuj\u0105cym i psem przewodnikiem.<\/p>\n<p>W budynku nie ma oznacze\u0144 w alfabecie brajla ani oznacze\u0144 kontrastowych lub w druku powi\u0119kszonym dla os\u00f3b niewidomych i s\u0142abowidz\u0105cych.<\/p>\n<p>Przy wej\u015bciu do budynku\u00a0 znajduje si\u0119 dzwonek umieszczony na wysoko\u015bci b\u0119d\u0105cej w zasi\u0119gu os\u00f3b poruszaj\u0105cych si\u0119 na w\u00f3zku inwalidzkim.<\/p>\n<p>Chodnik prowadz\u0105cy do budynku jest wyposa\u017cony w \u015bcie\u017ck\u0119 naprowadzaj\u0105c\u0105 dla niewidomych\/s\u0142abowidz\u0105cych.<\/p>\n<p><em><u>Delegatura Inspekcji Handlowej w Elbl\u0105gu, ul. Wojska Polskiego 1, 82-300 Elbl\u0105g<\/u><\/em><\/p>\n<p>Siedziba znajduje si\u0119 na pierwszym pi\u0119trze budynku Urz\u0119du Wojew\u00f3dzkiego w Elbl\u0105gu. Budynek posiada podjazd dla w\u00f3zk\u00f3w inwalidzkich oraz wind\u0119 umo\u017cliwiaj\u0105c\u0105 przedostanie si\u0119 na w\u00f3zku.<\/p>\n<p>Przed budynkiem wyznaczono miejsce parkingowe dla osoby niepe\u0142nosprawnej.<\/p>\n<p>Do budynku i wszystkich jego pomieszcze\u0144 mo\u017cna wej\u015b\u0107 z psem asystuj\u0105cym i psem przewodnikiem.<\/p>\n<p>W budynku nie ma oznacze\u0144 w alfabecie brajla ani oznacze\u0144 kontrastowych lub w druku powi\u0119kszonym dla os\u00f3b niewidomych i s\u0142abowidz\u0105cych<\/p>\n<p>&nbsp;<\/p>\n<p>Wi\u0119cej informacji o dost\u0119pno\u015bci cyfrowej mo\u017cna znale\u017a\u0107 na\u00a0<a href=\"http:\/\/www.gov.pl\/dostepnosc-cyfrowa\/\">stronie Ministerstwa Cyfryzacji po\u015bwi\u0119conej temu tematowi.<\/a><\/p>\n<p>&nbsp;<\/p>\n","protected":false},"excerpt":{"rendered":"<p>Deklaracja dost\u0119pno\u015bci serwisu ih.olsztyn.pl Wojew\u00f3dzki Inspektorat Inspekcji Handlowej w Olsztynie\u00a0zobowi\u0105zuje si\u0119 zapewni\u0107 dost\u0119pno\u015b\u0107 strony internetowej ih.olsztyn.pl zgodnie z ustaw\u0105 z dnia 4 kwietnia 2019 r. o dost\u0119pno\u015bci cyfrowej stron internetowych i aplikacji mobilnych podmiot\u00f3w publicznych. O\u015bwiadczenie w sprawie dost\u0119pno\u015bci ma zastosowanie do\u00a0serwisu internetowego ih.olsztyn.pl Data publikacji strony internetowej:\u00a017.05.2018r. Data ostatniej du\u017cej aktualizacji: 16.10.2019r. Strona internetowa [&hellip;]<\/p>\n","protected":false},"author":1,"featured_media":0,"parent":0,"menu_order":0,"comment_status":"closed","ping_status":"closed","template":"","meta":{"cybocfi_hide_featured_image":"","footnotes":""},"class_list":["post-944","page","type-page","status-publish","hentry"],"_links":{"self":[{"href":"https:\/\/ih.olsztyn.pl\/index.php\/wp-json\/wp\/v2\/pages\/944","targetHints":{"allow":["GET"]}}],"collection":[{"href":"https:\/\/ih.olsztyn.pl\/index.php\/wp-json\/wp\/v2\/pages"}],"about":[{"href":"https:\/\/ih.olsztyn.pl\/index.php\/wp-json\/wp\/v2\/types\/page"}],"author":[{"embeddable":true,"href":"https:\/\/ih.olsztyn.pl\/index.php\/wp-json\/wp\/v2\/users\/1"}],"replies":[{"embeddable":true,"href":"https:\/\/ih.olsztyn.pl\/index.php\/wp-json\/wp\/v2\/comments?post=944"}],"version-history":[{"count":7,"href":"https:\/\/ih.olsztyn.pl\/index.php\/wp-json\/wp\/v2\/pages\/944\/revisions"}],"predecessor-version":[{"id":3508,"href":"https:\/\/ih.olsztyn.pl\/index.php\/wp-json\/wp\/v2\/pages\/944\/revisions\/3508"}],"wp:attachment":[{"href":"https:\/\/ih.olsztyn.pl\/index.php\/wp-json\/wp\/v2\/media?parent=944"}],"curies":[{"name":"wp","href":"https:\/\/api.w.org\/{rel}","templated":true}]}}