{"id":88,"date":"2018-05-17T12:40:00","date_gmt":"2018-02-15T13:27:04","guid":{"rendered":"http:\/\/192.168.0.51\/wordpress\/?page_id=88"},"modified":"2020-07-24T08:42:09","modified_gmt":"2020-07-24T06:42:09","slug":"podstawa-prawna","status":"publish","type":"page","link":"https:\/\/ih.olsztyn.pl\/index.php\/podstawa-prawna\/","title":{"rendered":"Podstawa prawna"},"content":{"rendered":"<p><strong>Warmi\u0144sko-Mazurski Wojew\u00f3dzki Inspektor Inspekcji Handlowej<\/strong><\/p>\n<p>jest organem wojew\u00f3dzkiej zespolonej administracji rz\u0105dowej, powo\u0142anym do ochrony interes\u00f3w i praw konsument\u00f3w oraz interes\u00f3w gospodarczych pa\u0144stwa.<\/p>\n<p><strong>Ustawa o Inspekcji Handlowej z dnia 15 grudnia 2000 r. (t.j. Dz. U. z 2019r. poz. 1668): <a href=\"http:\/\/ih.olsztyn.pl\/dokumenty\/ustawa_o_ih.docx\">wersja dost\u0119pna cyfrowo<\/a> <a href=\"http:\/\/ih.olsztyn.pl\/dokumenty\/ustawa_o_ih.pdf\">.pdf<\/a><\/strong><\/p>\n<p><strong>Regulamin: <a href=\"http:\/\/ih.olsztyn.pl\/dokumenty\/regulamin2020.docx\">wersja dost\u0119pna cyfrowo<\/a> <a href=\"http:\/\/ih.olsztyn.pl\/dokumenty\/regulamin2020.pdf\">.pdf<\/a><\/strong><\/p>\n<p><strong>Statut: <a href=\"http:\/\/ih.olsztyn.pl\/dokumenty\/statut2019.docx\">wersja dost\u0119pna cyfrowo<\/a> <a href=\"http:\/\/ih.olsztyn.pl\/dokumenty\/statut2019.pdf\">.pdf<\/a><\/strong><\/p>\n<p>&nbsp;<\/p>\n","protected":false},"excerpt":{"rendered":"<p>Warmi\u0144sko-Mazurski Wojew\u00f3dzki Inspektor Inspekcji Handlowej jest organem wojew\u00f3dzkiej zespolonej administracji rz\u0105dowej, powo\u0142anym do ochrony interes\u00f3w i praw konsument\u00f3w oraz interes\u00f3w gospodarczych pa\u0144stwa. Ustawa o Inspekcji Handlowej z dnia 15 grudnia 2000 r. (t.j. Dz. U. z 2019r. poz. 1668): wersja dost\u0119pna cyfrowo .pdf Regulamin: wersja dost\u0119pna cyfrowo .pdf Statut: wersja dost\u0119pna cyfrowo .pdf &nbsp;<\/p>\n","protected":false},"author":1,"featured_media":0,"parent":0,"menu_order":0,"comment_status":"closed","ping_status":"closed","template":"","meta":{"cybocfi_hide_featured_image":"","footnotes":""},"class_list":["post-88","page","type-page","status-publish","hentry"],"_links":{"self":[{"href":"https:\/\/ih.olsztyn.pl\/index.php\/wp-json\/wp\/v2\/pages\/88","targetHints":{"allow":["GET"]}}],"collection":[{"href":"https:\/\/ih.olsztyn.pl\/index.php\/wp-json\/wp\/v2\/pages"}],"about":[{"href":"https:\/\/ih.olsztyn.pl\/index.php\/wp-json\/wp\/v2\/types\/page"}],"author":[{"embeddable":true,"href":"https:\/\/ih.olsztyn.pl\/index.php\/wp-json\/wp\/v2\/users\/1"}],"replies":[{"embeddable":true,"href":"https:\/\/ih.olsztyn.pl\/index.php\/wp-json\/wp\/v2\/comments?post=88"}],"version-history":[{"count":10,"href":"https:\/\/ih.olsztyn.pl\/index.php\/wp-json\/wp\/v2\/pages\/88\/revisions"}],"predecessor-version":[{"id":1201,"href":"https:\/\/ih.olsztyn.pl\/index.php\/wp-json\/wp\/v2\/pages\/88\/revisions\/1201"}],"wp:attachment":[{"href":"https:\/\/ih.olsztyn.pl\/index.php\/wp-json\/wp\/v2\/media?parent=88"}],"curies":[{"name":"wp","href":"https:\/\/api.w.org\/{rel}","templated":true}]}}