{"id":836,"date":"2019-07-29T12:59:38","date_gmt":"2019-07-29T10:59:38","guid":{"rendered":"https:\/\/ih.olsztyn.pl\/?page_id=836"},"modified":"2019-12-22T10:37:58","modified_gmt":"2019-12-22T09:37:58","slug":"paliwa-stale-wegiel","status":"publish","type":"page","link":"https:\/\/ih.olsztyn.pl\/index.php\/paliwa-stale-wegiel\/","title":{"rendered":"Paliwa sta\u0142e &#8211; w\u0119giel"},"content":{"rendered":"<p><!--more--><\/p>\n<p>Do ka\u017cdego rodzaju w\u0119gla przedsi\u0119biorca prowadz\u0105cy sk\u0142ad w\u0119gla powinien na podstawie dokument\u00f3w od dostawcy (certyfikaty, protoko\u0142y i sprawozdania z bada\u0144) wystawi\u0107 w\u0142asne \u015bwiadectwo jako\u015bci paliw sta\u0142ych.<\/p>\n<p>Kopia \u015bwiadectwa jako\u015bci po\u015bwiadczona za zgodno\u015b\u0107 z orygina\u0142em, powinna by\u0107 przekazywana klientowi nabywaj\u0105cemu w\u0119giel nie\u017calenie od jego ilo\u015bci.<\/p>\n<p>Podstawa prawna: <em>artyku\u0142 6c ustawy z dnia 25 sierpnia 2006r. o systemie monitorowania i kontrolowania jako\u015bci paliw (Dz. U. z 2019r. poz. 660) <\/em>Wz\u00f3r \u015bwiadectwa jako\u015bci paliw sta\u0142ych okre\u015bla za\u0142\u0105cznik do <em>Rozporz\u0105dzenia Ministra Energii z dnia 27.09.2018r. w sprawie wzoru \u015bwiadectwa jako\u015bci paliw sta\u0142ych (Dz. U. z 2018r. poz. 1892)<\/em><\/p>\n<p><strong><a href=\"https:\/\/ih.olsztyn.pl\/dokumenty\/swiadectwo_jakosci_wegiel.pdf\">\u015awiadectwo jako\u015bci paliw sta\u0142ych (wz\u00f3r)<\/a><\/strong><\/p>\n<p><strong>Rozporz\u0105dzenie Ministra Energii z dnia 27 wrze\u015bnia 2018r.w sprawie wymaga\u0144 jako\u015bciowych dla paliw sta\u0142ych (Dz.U. 2018 poz. 1890): <a href=\"http:\/\/ih.olsztyn.pl\/dokumenty\/rozporzadzenie_wegiel.docx\">wersja dost\u0119pna cyfrowo<\/a> <a href=\"http:\/\/ih.olsztyn.pl\/dokumenty\/rozporzadzenie_wegiel.pdf\">.pdf<\/a><\/strong><\/p>\n<p><a href=\"https:\/\/ih.olsztyn.pl\/dokumenty\/informacja_dystrybutorzy_wegla2019.pdf\"><strong>Informacja dla przedsi\u0119biorc\u00f3w \u2013 dystrybutor\u00f3w paliwa sta\u0142ego (w\u0119gla) z przeznaczeniem dla gospodarstw domowych oraz instalacji spalania o nominalnej mocy cieplnej mniejszej ni\u017c 1 MW<\/strong><\/a><\/p>\n<p>&nbsp;<\/p>\n<p><strong>Zdj\u0119cia w\u0119gla<\/strong><\/p>\n<div class=\"gmedia_gallery amron_module is_bot\" id=\"GmediaGallery_2\" data-gmid=\"2\" data-module=\"amron\"><style class='gmedia_module_style_import'>@import url('https:\/\/ih.olsztyn.pl\/wp-content\/plugins\/grand-media\/module\/amron\/css\/gm_vit_itemMenu.css?v=4.5') all;@import url('https:\/\/ih.olsztyn.pl\/wp-content\/plugins\/grand-media\/module\/amron\/css\/gm_vit_modalWin.css?v=4.5') all;@import url('https:\/\/ih.olsztyn.pl\/wp-content\/plugins\/grand-media\/module\/amron\/css\/gm_vit_slider.css?v=4.5') all;@import url('https:\/\/ih.olsztyn.pl\/wp-content\/plugins\/grand-media\/module\/amron\/css\/style.css?v=4.5') all;<\/style><script type=\"text\/javascript\">\n\t(function() {\n\t\tthis['GmediaGallery_2'] = {\n\t\t\t'settings':{\"collectionThumbRecomendedWidth\":\"260\",\"collectionPreloaderColor\":\"333333\",\"linkTargetWindow\":\"_blank\",\"thumbSpacing\":\"10\",\"tagsFilter\":\"1\",\"tagCloudAll\":\"All\",\"tagCloudTextColor\":\"rgba(0, 0, 0, 1)\",\"tagCloudTextColorOver\":\"rgba(255,255, 255, 1)\",\"tagCloudBgColor\":\"rgba(211, 211, 211, 1)\",\"tagCloudBgColorOver\":\"rgba(11, 11, 11, 1)\",\"collectionThumbHoverColor\":\"rgba(0, 0, 0, .7)\",\"collectionThumbContentBGColor\":\"rgba(245,245,245,1)\",\"collectionThumbTitleShow\":\"1\",\"collectionThumbTitleColor\":\"rgba(0,0,0,1)\",\"collectionThumbFontSize\":\"18\",\"collectionThumbDescriptionShow\":\"1\",\"collectionThumbDescriptionColor\":\"rgba(0,0,0,1)\",\"collectionThumbDescriptionFontSize\":\"15\",\"collectionReadMoreButtonLabel\":\"Read More\",\"collectionReadMoreButtonLabelColor\":\"rgba(255, 255, 255, 1)\",\"collectionReadMoreButtonBGColor\":\"rgba(0, 0, 0, 1)\",\"collectionReadMoreButtonLabelColorHover\":\"rgba(0, 0, 0, 1)\",\"collectionReadMoreButtonBGColorHover\":\"rgba(235,235,235,1)\",\"modaBgColor\":\"rgba(0,0,0,0.9)\",\"modalInfoBoxBgColor\":\"rgba(255,255,255,1)\",\"modalInfoBoxTitleTextColor\":\"000000\",\"modalInfoBoxTextColor\":\"333333\",\"infoBarCountersEnable\":\"1\",\"infoBarDateInfoEnable\":\"1\",\"lightBoxEnable\":\"1\",\"sliderPreloaderColor\":\"ffffff\",\"sliderBgColor\":\"rgba(0,0,0,0.8)\",\"sliderHeaderFooterBgColor\":\"000000\",\"sliderNavigationColor\":\"rgba(0,0,0,1)\",\"sliderNavigationIconColor\":\"rgba(255,255,255,1)\",\"sliderNavigationColorOver\":\"rgba(255,255,255,1)\",\"sliderNavigationIconColorOver\":\"rgba(0,0,0,1)\",\"sliderItemTitleFontSize\":\"24\",\"sliderItemTitleTextColor\":\"ffffff\",\"sliderThumbBarEnable\":\"0\",\"sliderThumbBarHoverColor\":\"ffffff\",\"sliderThumbSubMenuBackgroundColor\":\"rgba(0,0,0,1)\",\"sliderThumbSubMenuBackgroundColorOver\":\"rgba(255,255,255,1)\",\"sliderThumbSubMenuIconColor\":\"rgba(255,255,255,1)\",\"sliderThumbSubMenuIconHoverColor\":\"rgba(0,0,0,1)\",\"sliderInfoEnable\":\"1\",\"sliderItemDownload\":\"1\",\"sliderItemDiscuss\":\"1\",\"sliderSocialShareEnabled\":\"1\",\"sliderLikesEnabled\":\"1\",\"customCSS\":\"\",\"module_url\":\"https:\\\/\\\/ih.olsztyn.pl\\\/wp-content\\\/plugins\\\/grand-media\\\/module\\\/amron\",\"license\":\"\",\"post_url\":\"https:\\\/\\\/ih.olsztyn.pl\\\/wp-json\\\/wp\\\/v2\\\/pages\\\/836\"},\n\t\t\t'appQuery':{\"orderby\":\"ID\",\"order\":\"ASC\",\"album__in\":\"2\",\"status\":[\"publish\"],\"limit\":100},\n\t\t\t'appApi':\"https:\\\/\\\/ih.olsztyn.pl\\\/?gmedia-app=1&gmappversion=4&gmmodule=1\",\n\t\t\t'appInfo':{\"name\":\"Paliwa sta\\u0142e - w\\u0119giel\",\"description\":\"\"}};\n\t})();\n<\/script>\n<\/div>\n<p>&nbsp;<\/p>\n<p>&nbsp;<\/p>\n<p>&nbsp;<\/p>\n","protected":false},"excerpt":{"rendered":"","protected":false},"author":1,"featured_media":0,"parent":0,"menu_order":0,"comment_status":"closed","ping_status":"closed","template":"","meta":{"cybocfi_hide_featured_image":"","footnotes":""},"class_list":["post-836","page","type-page","status-publish","hentry"],"_links":{"self":[{"href":"https:\/\/ih.olsztyn.pl\/index.php\/wp-json\/wp\/v2\/pages\/836","targetHints":{"allow":["GET"]}}],"collection":[{"href":"https:\/\/ih.olsztyn.pl\/index.php\/wp-json\/wp\/v2\/pages"}],"about":[{"href":"https:\/\/ih.olsztyn.pl\/index.php\/wp-json\/wp\/v2\/types\/page"}],"author":[{"embeddable":true,"href":"https:\/\/ih.olsztyn.pl\/index.php\/wp-json\/wp\/v2\/users\/1"}],"replies":[{"embeddable":true,"href":"https:\/\/ih.olsztyn.pl\/index.php\/wp-json\/wp\/v2\/comments?post=836"}],"version-history":[{"count":18,"href":"https:\/\/ih.olsztyn.pl\/index.php\/wp-json\/wp\/v2\/pages\/836\/revisions"}],"predecessor-version":[{"id":999,"href":"https:\/\/ih.olsztyn.pl\/index.php\/wp-json\/wp\/v2\/pages\/836\/revisions\/999"}],"wp:attachment":[{"href":"https:\/\/ih.olsztyn.pl\/index.php\/wp-json\/wp\/v2\/media?parent=836"}],"curies":[{"name":"wp","href":"https:\/\/api.w.org\/{rel}","templated":true}]}}