{"id":71,"date":"2018-05-17T12:40:00","date_gmt":"2018-02-15T11:56:22","guid":{"rendered":"http:\/\/192.168.0.51\/wordpress\/?page_id=71"},"modified":"2018-02-19T13:35:46","modified_gmt":"2018-02-19T12:35:46","slug":"linki","status":"publish","type":"page","link":"https:\/\/ih.olsztyn.pl\/index.php\/linki\/","title":{"rendered":"Przydatne strony"},"content":{"rendered":"<p><strong>Tutaj znajdziesz najwa\u017cniejsze linki:<\/strong><\/p>\n<ul>\n<li><a href=\"https:\/\/www.uokik.gov.pl\/\">UOKIK<\/a><\/li>\n<li><a href=\"http:\/\/www.federacja-konsumentow.org.pl\/\">Federacja Konsument\u00f3w- organizaja pozarz\u0105dowa chroni\u0105ca indywidualnego klienta<\/a><\/li>\n<li><a href=\"http:\/\/www.adobe.com\/products\/acrobat\/readstep2.html\">Pobierz program Adobe Acrobat Reader aby m\u00f3c otwiera\u0107 pliki pdf<\/a><\/li>\n<\/ul>\n<p>&nbsp;<\/p>\n","protected":false},"excerpt":{"rendered":"<p>Tutaj znajdziesz najwa\u017cniejsze linki: UOKIK Federacja Konsument\u00f3w- organizaja pozarz\u0105dowa chroni\u0105ca indywidualnego klienta Pobierz program Adobe Acrobat Reader aby m\u00f3c otwiera\u0107 pliki pdf &nbsp;<\/p>\n","protected":false},"author":1,"featured_media":0,"parent":0,"menu_order":0,"comment_status":"closed","ping_status":"closed","template":"","meta":{"cybocfi_hide_featured_image":"","footnotes":""},"class_list":["post-71","page","type-page","status-publish","hentry"],"_links":{"self":[{"href":"https:\/\/ih.olsztyn.pl\/index.php\/wp-json\/wp\/v2\/pages\/71","targetHints":{"allow":["GET"]}}],"collection":[{"href":"https:\/\/ih.olsztyn.pl\/index.php\/wp-json\/wp\/v2\/pages"}],"about":[{"href":"https:\/\/ih.olsztyn.pl\/index.php\/wp-json\/wp\/v2\/types\/page"}],"author":[{"embeddable":true,"href":"https:\/\/ih.olsztyn.pl\/index.php\/wp-json\/wp\/v2\/users\/1"}],"replies":[{"embeddable":true,"href":"https:\/\/ih.olsztyn.pl\/index.php\/wp-json\/wp\/v2\/comments?post=71"}],"version-history":[{"count":3,"href":"https:\/\/ih.olsztyn.pl\/index.php\/wp-json\/wp\/v2\/pages\/71\/revisions"}],"predecessor-version":[{"id":148,"href":"https:\/\/ih.olsztyn.pl\/index.php\/wp-json\/wp\/v2\/pages\/71\/revisions\/148"}],"wp:attachment":[{"href":"https:\/\/ih.olsztyn.pl\/index.php\/wp-json\/wp\/v2\/media?parent=71"}],"curies":[{"name":"wp","href":"https:\/\/api.w.org\/{rel}","templated":true}]}}