{"id":68,"date":"2018-05-17T12:40:00","date_gmt":"2018-02-15T11:53:49","guid":{"rendered":"http:\/\/192.168.0.51\/wordpress\/?page_id=68"},"modified":"2018-02-15T12:53:49","modified_gmt":"2018-02-15T11:53:49","slug":"petycje-w-wiih-olsztyn","status":"publish","type":"page","link":"https:\/\/ih.olsztyn.pl\/index.php\/petycje-w-wiih-olsztyn\/","title":{"rendered":"Petycje w WIIH Olsztyn"},"content":{"rendered":"<p>Warmi\u0144sko &#8211; Mazurski Wojew\u00f3dzki Inspektor Inspekcji Handlowej oraz Dyrektorzy Delegatur w Elbl\u0105gu i w E\u0142ku przyjmuj\u0105 interesant\u00f3w w sprawach skarg, wniosk\u00f3w oraz petycji <strong>codziennie<\/strong> w godzinach <strong>8.00 &#8211; 10.00<\/strong>, ponadto w ka\u017cdy <strong>poniedzia\u0142ek<\/strong>\u00a0w godzinach <strong>15.00 &#8211; 16.00<\/strong>\u00a0oraz w ka\u017cdy <strong>wtorek<\/strong> w godzinach <strong>14.00 &#8211; 15.30<\/strong><\/p>\n","protected":false},"excerpt":{"rendered":"<p>Warmi\u0144sko &#8211; Mazurski Wojew\u00f3dzki Inspektor Inspekcji Handlowej oraz Dyrektorzy Delegatur w Elbl\u0105gu i w E\u0142ku przyjmuj\u0105 interesant\u00f3w w sprawach skarg, wniosk\u00f3w oraz petycji codziennie w godzinach 8.00 &#8211; 10.00, ponadto w ka\u017cdy poniedzia\u0142ek\u00a0w godzinach 15.00 &#8211; 16.00\u00a0oraz w ka\u017cdy wtorek w godzinach 14.00 &#8211; 15.30<\/p>\n","protected":false},"author":1,"featured_media":0,"parent":0,"menu_order":0,"comment_status":"closed","ping_status":"closed","template":"","meta":{"cybocfi_hide_featured_image":"","footnotes":""},"class_list":["post-68","page","type-page","status-publish","hentry"],"_links":{"self":[{"href":"https:\/\/ih.olsztyn.pl\/index.php\/wp-json\/wp\/v2\/pages\/68","targetHints":{"allow":["GET"]}}],"collection":[{"href":"https:\/\/ih.olsztyn.pl\/index.php\/wp-json\/wp\/v2\/pages"}],"about":[{"href":"https:\/\/ih.olsztyn.pl\/index.php\/wp-json\/wp\/v2\/types\/page"}],"author":[{"embeddable":true,"href":"https:\/\/ih.olsztyn.pl\/index.php\/wp-json\/wp\/v2\/users\/1"}],"replies":[{"embeddable":true,"href":"https:\/\/ih.olsztyn.pl\/index.php\/wp-json\/wp\/v2\/comments?post=68"}],"version-history":[{"count":1,"href":"https:\/\/ih.olsztyn.pl\/index.php\/wp-json\/wp\/v2\/pages\/68\/revisions"}],"predecessor-version":[{"id":69,"href":"https:\/\/ih.olsztyn.pl\/index.php\/wp-json\/wp\/v2\/pages\/68\/revisions\/69"}],"wp:attachment":[{"href":"https:\/\/ih.olsztyn.pl\/index.php\/wp-json\/wp\/v2\/media?parent=68"}],"curies":[{"name":"wp","href":"https:\/\/api.w.org\/{rel}","templated":true}]}}