{"id":61,"date":"2018-05-17T12:40:00","date_gmt":"2018-02-15T11:42:19","guid":{"rendered":"http:\/\/192.168.0.51\/wordpress\/?page_id=61"},"modified":"2019-12-22T21:00:21","modified_gmt":"2019-12-22T20:00:21","slug":"petycje","status":"publish","type":"page","link":"https:\/\/ih.olsztyn.pl\/index.php\/petycje\/","title":{"rendered":"Petycje"},"content":{"rendered":"<p>W dniu 6 wrze\u015bnia 2015 r. wesz\u0142a w \u017cycie\u00a0ustawa z dnia 11 lipca 2014 r.<\/p>\n<p><strong>o petycjach (t.j. Dz. U. z 2018r. poz. 870): <a href=\"http:\/\/ih.olsztyn.pl\/dokumenty\/ustawa_petycje.docx\">wersja dost\u0119pna cyfrowo<\/a> <a href=\"http:\/\/ih.olsztyn.pl\/dokumenty\/ustawa_petycje.pdf\">.pdf<\/a><\/strong><\/p>\n<p>Wype\u0142nia ona obowi\u0105zek ustawowego uregulowania trybu rozpatrywania petycji, o kt\u00f3rym m\u00f3wi art. 63 Konstytucji RP, zgodnie z kt\u00f3rym ka\u017cdy ma prawo sk\u0142ada\u0107 petycje, wnioski i skargi do w\u0142adzy publicznej oraz do organizacji i instytucji spo\u0142ecznych w zwi\u0105zku z wykonywanymi przez nie zadaniami zleconymi z zakresu administracji publicznej.<\/p>\n<p>Wi\u0119cej na temat petycji mo\u017cna znale\u017a\u0107 na stronie <a href=\"http:\/\/www.petycje.edu.pl\/\">www.petycje.edu.pl<\/a><\/p>\n<p><strong>Na naszej stronie, w zak\u0142adkach powy\u017cej, mo\u017cna znale\u017a\u0107 informacje na temat m.in. tre\u015bci, formy i sposobu sk\u0142adania petycji oraz informacje na temat petycji, kt\u00f3re wp\u0142yn\u0119\u0142y do Inspektoratu.<\/strong><\/p>\n<ul>\n<li><a href=\"https:\/\/ih.olsztyn.pl\/index.php\/o-petycjach\/\">O petycjach<\/a><\/li>\n<li><a href=\"https:\/\/ih.olsztyn.pl\/index.php\/petycje-w-wiih-olsztyn\/\">Petycje w WIIH Olsztyn<\/a><\/li>\n<\/ul>\n","protected":false},"excerpt":{"rendered":"<p>W dniu 6 wrze\u015bnia 2015 r. wesz\u0142a w \u017cycie\u00a0ustawa z dnia 11 lipca 2014 r. o petycjach (t.j. Dz. U. z 2018r. poz. 870): wersja dost\u0119pna cyfrowo .pdf Wype\u0142nia ona obowi\u0105zek ustawowego uregulowania trybu rozpatrywania petycji, o kt\u00f3rym m\u00f3wi art. 63 Konstytucji RP, zgodnie z kt\u00f3rym ka\u017cdy ma prawo sk\u0142ada\u0107 petycje, wnioski i skargi do [&hellip;]<\/p>\n","protected":false},"author":1,"featured_media":0,"parent":0,"menu_order":0,"comment_status":"closed","ping_status":"closed","template":"","meta":{"cybocfi_hide_featured_image":"","footnotes":""},"class_list":["post-61","page","type-page","status-publish","hentry"],"_links":{"self":[{"href":"https:\/\/ih.olsztyn.pl\/index.php\/wp-json\/wp\/v2\/pages\/61","targetHints":{"allow":["GET"]}}],"collection":[{"href":"https:\/\/ih.olsztyn.pl\/index.php\/wp-json\/wp\/v2\/pages"}],"about":[{"href":"https:\/\/ih.olsztyn.pl\/index.php\/wp-json\/wp\/v2\/types\/page"}],"author":[{"embeddable":true,"href":"https:\/\/ih.olsztyn.pl\/index.php\/wp-json\/wp\/v2\/users\/1"}],"replies":[{"embeddable":true,"href":"https:\/\/ih.olsztyn.pl\/index.php\/wp-json\/wp\/v2\/comments?post=61"}],"version-history":[{"count":4,"href":"https:\/\/ih.olsztyn.pl\/index.php\/wp-json\/wp\/v2\/pages\/61\/revisions"}],"predecessor-version":[{"id":1020,"href":"https:\/\/ih.olsztyn.pl\/index.php\/wp-json\/wp\/v2\/pages\/61\/revisions\/1020"}],"wp:attachment":[{"href":"https:\/\/ih.olsztyn.pl\/index.php\/wp-json\/wp\/v2\/media?parent=61"}],"curies":[{"name":"wp","href":"https:\/\/api.w.org\/{rel}","templated":true}]}}