{"id":57,"date":"2018-05-17T12:40:00","date_gmt":"2018-02-15T11:38:09","guid":{"rendered":"http:\/\/192.168.0.51\/wordpress\/?page_id=57"},"modified":"2020-03-10T11:58:44","modified_gmt":"2020-03-10T10:58:44","slug":"sprawozdania","status":"publish","type":"page","link":"https:\/\/ih.olsztyn.pl\/index.php\/sprawozdania\/","title":{"rendered":"Sprawozdania"},"content":{"rendered":"<ul>\n<li><strong>2011<\/strong><\/li>\n<\/ul>\n<ol>\n<li><a href=\"http:\/\/ih.olsztyn.pl\/dokumenty\/dzialalnosc_wiih2011.pdf\">http:\/\/ih.olsztyn.pl\/dokumenty\/dzialalnosc_wiih2011.pdf<\/a><\/li>\n<li><a href=\"http:\/\/ih.olsztyn.pl\/dokumenty\/mediacje2011.pdf\">http:\/\/ih.olsztyn.pl\/dokumenty\/mediacje2011.pdf<\/a><\/li>\n<li><a href=\"http:\/\/ih.olsztyn.pl\/dokumenty\/spsk2011.pdf\">http:\/\/ih.olsztyn.pl\/dokumenty\/spsk2011.pdf<\/a><\/li>\n<\/ol>\n<p>&nbsp;<\/p>\n<ul>\n<li><strong>2012<\/strong><\/li>\n<\/ul>\n<ol>\n<li><a href=\"http:\/\/ih.olsztyn.pl\/dokumenty\/dzialalnosc_wiih2012.pdf\">http:\/\/ih.olsztyn.pl\/dokumenty\/dzialalnosc_wiih2012.pdf<\/a><\/li>\n<li><a href=\"http:\/\/ih.olsztyn.pl\/dokumenty\/mediacje2012.pdf\">http:\/\/ih.olsztyn.pl\/dokumenty\/mediacje2012.pdf<\/a><\/li>\n<li><a href=\"http:\/\/ih.olsztyn.pl\/dokumenty\/spsk2012.pdf\">http:\/\/ih.olsztyn.pl\/dokumenty\/spsk2012.pdf<\/a><\/li>\n<\/ol>\n<p>&nbsp;<\/p>\n<ul>\n<li><strong>2013<\/strong><\/li>\n<\/ul>\n<ol>\n<li><a href=\"http:\/\/ih.olsztyn.pl\/dokumenty\/dzialalnosc_wiih2013.pdf\">http:\/\/ih.olsztyn.pl\/dokumenty\/dzialalnosc_wiih2013.pdf<\/a><\/li>\n<li><a href=\"http:\/\/ih.olsztyn.pl\/dokumenty\/spsk_2013.pdf\">http:\/\/ih.olsztyn.pl\/dokumenty\/spsk_2013.pdf<\/a><\/li>\n<li><a href=\"http:\/\/ih.olsztyn.pl\/dokumenty\/mediacje2013.pdf\">http:\/\/ih.olsztyn.pl\/dokumenty\/mediacje2013.pdf<\/a><\/li>\n<\/ol>\n<p>&nbsp;<\/p>\n<ul>\n<li><strong>2014<\/strong><\/li>\n<\/ul>\n<ol>\n<li><a href=\"http:\/\/ih.olsztyn.pl\/dokumenty\/dzialalnosc_wiih2014.pdf\">http:\/\/ih.olsztyn.pl\/dokumenty\/dzialalnosc_wiih2014.pdf<\/a><\/li>\n<li><a href=\"http:\/\/ih.olsztyn.pl\/dokumenty\/spsk2014.pdf\">http:\/\/ih.olsztyn.pl\/dokumenty\/spsk2014.pdf<\/a><\/li>\n<li><a href=\"http:\/\/ih.olsztyn.pl\/dokumenty\/mediacje2014.pdf\">http:\/\/ih.olsztyn.pl\/dokumenty\/mediacje2014.pdf<\/a><\/li>\n<\/ol>\n<p>&nbsp;<\/p>\n<ul>\n<li><strong>2015<\/strong><\/li>\n<\/ul>\n<ol>\n<li><a href=\"http:\/\/ih.olsztyn.pl\/dokumenty\/Informacja_z_dzialalnosci2015.pdf\">http:\/\/ih.olsztyn.pl\/dokumenty\/Informacja_z_dzialalnosci2015.pdf<\/a><\/li>\n<\/ol>\n<p>&nbsp;<\/p>\n<ul>\n<li><strong>2016<\/strong><\/li>\n<\/ul>\n<ol>\n<li><a href=\"http:\/\/ih.olsztyn.pl\/dokumenty\/dzialalnosc_wiih1kw2016.pdf\">http:\/\/ih.olsztyn.pl\/dokumenty\/dzialalnosc_wiih1kw2016.pdf<\/a><\/li>\n<li><a href=\"http:\/\/ih.olsztyn.pl\/dokumenty\/tabela_dzialalnosc1kw2016.pdf\">http:\/\/ih.olsztyn.pl\/dokumenty\/tabela_dzialalnosc1kw2016.pdf<\/a><\/li>\n<\/ol>\n<p>&nbsp;<\/p>\n<ul>\n<li><strong>2017<\/strong><\/li>\n<\/ul>\n<ol>\n<li><a href=\"http:\/\/ih.olsztyn.pl\/dokumenty\/sprawozdanie_wiih2017.pdf\">http:\/\/ih.olsztyn.pl\/dokumenty\/sprawozdanie_wiih2017.pdf<\/a><\/li>\n<li><a href=\"http:\/\/ih.olsztyn.pl\/dokumenty\/sprawozdanie_ssp2017.pdf\">http:\/\/ih.olsztyn.pl\/dokumenty\/sprawozdanie_ssp2017.pdf<\/a><\/li>\n<\/ol>\n<p>&nbsp;<\/p>\n<ul>\n<li><strong>2018<\/strong><\/li>\n<\/ul>\n<ol>\n<li>Sprawozdanie z dzia\u0142alno\u015bci WIIH: <a href=\"http:\/\/ih.olsztyn.pl\/dokumenty\/sprawozdanie_wiih2018.docx\">wersja dost\u0119pna cyfrowo<\/a> <a href=\"http:\/\/ih.olsztyn.pl\/dokumenty\/sprawozdanie_wiih2018.pdf\">.PDF<\/a><\/li>\n<li>Sprawozdanie z dzia\u0142alno\u015bci Sta\u0142ego S\u0105du Polubownego: <a href=\"http:\/\/ih.olsztyn.pl\/dokumenty\/sprawozdanie_ssp2018.docx\">wersja dost\u0119pna cyfrowo<\/a> <a href=\"http:\/\/ih.olsztyn.pl\/dokumenty\/sprawozdanie_ssp2018.pdf\">.PDF<\/a><\/li>\n<li>Sprawozdanie z dzia\u0142alno\u015bci Pozas\u0105dowego Rozwi\u0105zywania Spor\u00f3w Konsumenckich: <a href=\"http:\/\/ih.olsztyn.pl\/dokumenty\/sprawozdanie_adr2018.docx\">wersja dost\u0119pna cyfrowo <\/a><a href=\"http:\/\/ih.olsztyn.pl\/dokumenty\/sprawozdanie_adr2018.pdf\">.PDF<\/a><\/li>\n<\/ol>\n<p>&nbsp;<\/p>\n<ul>\n<li><strong>2019<\/strong><\/li>\n<\/ul>\n<ol>\n<li>Sprawozdanie z dzia\u0142alno\u015bci WIIH: <a href=\"http:\/\/ih.olsztyn.pl\/dokumenty\/sprawozdanie_wiih2019.docx\">wersja dost\u0119pna cyfrowo<\/a> <a href=\"http:\/\/ih.olsztyn.pl\/dokumenty\/sprawozdanie_wiih2019.pdf\">.PDF<\/a><\/li>\n<li>Sprawozdanie z dzia\u0142alno\u015bci Sta\u0142ego S\u0105du Polubownego: <a href=\"http:\/\/ih.olsztyn.pl\/dokumenty\/sprawozdanie_ssp2019.docx\">wersja dost\u0119pna cyfrowo<\/a> <a href=\"http:\/\/ih.olsztyn.pl\/dokumenty\/sprawozdanie_ssp2019.pdf\">.PDF<\/a><\/li>\n<li>Sprawozdanie z dzia\u0142alno\u015bci Pozas\u0105dowego Rozwi\u0105zywania Spor\u00f3w Konsumenckich: <a href=\"http:\/\/ih.olsztyn.pl\/dokumenty\/sprawozdanie_adr2019.docx\">wersja dost\u0119pna cyfrowo <\/a><a href=\"http:\/\/ih.olsztyn.pl\/dokumenty\/sprawozdanie_adr2019.pdf\">.PDF<\/a><\/li>\n<\/ol>\n","protected":false},"excerpt":{"rendered":"<p>2011 http:\/\/ih.olsztyn.pl\/dokumenty\/dzialalnosc_wiih2011.pdf http:\/\/ih.olsztyn.pl\/dokumenty\/mediacje2011.pdf http:\/\/ih.olsztyn.pl\/dokumenty\/spsk2011.pdf &nbsp; 2012 http:\/\/ih.olsztyn.pl\/dokumenty\/dzialalnosc_wiih2012.pdf http:\/\/ih.olsztyn.pl\/dokumenty\/mediacje2012.pdf http:\/\/ih.olsztyn.pl\/dokumenty\/spsk2012.pdf &nbsp; 2013 http:\/\/ih.olsztyn.pl\/dokumenty\/dzialalnosc_wiih2013.pdf http:\/\/ih.olsztyn.pl\/dokumenty\/spsk_2013.pdf http:\/\/ih.olsztyn.pl\/dokumenty\/mediacje2013.pdf &nbsp; 2014 http:\/\/ih.olsztyn.pl\/dokumenty\/dzialalnosc_wiih2014.pdf http:\/\/ih.olsztyn.pl\/dokumenty\/spsk2014.pdf http:\/\/ih.olsztyn.pl\/dokumenty\/mediacje2014.pdf &nbsp; 2015 http:\/\/ih.olsztyn.pl\/dokumenty\/Informacja_z_dzialalnosci2015.pdf &nbsp; 2016 http:\/\/ih.olsztyn.pl\/dokumenty\/dzialalnosc_wiih1kw2016.pdf http:\/\/ih.olsztyn.pl\/dokumenty\/tabela_dzialalnosc1kw2016.pdf &nbsp; 2017 http:\/\/ih.olsztyn.pl\/dokumenty\/sprawozdanie_wiih2017.pdf http:\/\/ih.olsztyn.pl\/dokumenty\/sprawozdanie_ssp2017.pdf &nbsp; 2018 Sprawozdanie z dzia\u0142alno\u015bci WIIH: wersja dost\u0119pna cyfrowo .PDF Sprawozdanie z dzia\u0142alno\u015bci Sta\u0142ego S\u0105du Polubownego: wersja dost\u0119pna cyfrowo .PDF Sprawozdanie z dzia\u0142alno\u015bci Pozas\u0105dowego Rozwi\u0105zywania [&hellip;]<\/p>\n","protected":false},"author":1,"featured_media":0,"parent":0,"menu_order":0,"comment_status":"closed","ping_status":"closed","template":"","meta":{"cybocfi_hide_featured_image":"","footnotes":""},"class_list":["post-57","page","type-page","status-publish","hentry"],"_links":{"self":[{"href":"https:\/\/ih.olsztyn.pl\/index.php\/wp-json\/wp\/v2\/pages\/57","targetHints":{"allow":["GET"]}}],"collection":[{"href":"https:\/\/ih.olsztyn.pl\/index.php\/wp-json\/wp\/v2\/pages"}],"about":[{"href":"https:\/\/ih.olsztyn.pl\/index.php\/wp-json\/wp\/v2\/types\/page"}],"author":[{"embeddable":true,"href":"https:\/\/ih.olsztyn.pl\/index.php\/wp-json\/wp\/v2\/users\/1"}],"replies":[{"embeddable":true,"href":"https:\/\/ih.olsztyn.pl\/index.php\/wp-json\/wp\/v2\/comments?post=57"}],"version-history":[{"count":6,"href":"https:\/\/ih.olsztyn.pl\/index.php\/wp-json\/wp\/v2\/pages\/57\/revisions"}],"predecessor-version":[{"id":1055,"href":"https:\/\/ih.olsztyn.pl\/index.php\/wp-json\/wp\/v2\/pages\/57\/revisions\/1055"}],"wp:attachment":[{"href":"https:\/\/ih.olsztyn.pl\/index.php\/wp-json\/wp\/v2\/media?parent=57"}],"curies":[{"name":"wp","href":"https:\/\/api.w.org\/{rel}","templated":true}]}}