{"id":43,"date":"2018-05-17T12:40:00","date_gmt":"2018-02-15T10:57:41","guid":{"rendered":"http:\/\/192.168.0.51\/wordpress\/?page_id=43"},"modified":"2021-10-11T09:12:13","modified_gmt":"2021-10-11T07:12:13","slug":"staly-sad-polubowny","status":"publish","type":"page","link":"https:\/\/ih.olsztyn.pl\/index.php\/staly-sad-polubowny\/","title":{"rendered":"Sta\u0142y S\u0105d Polubowny"},"content":{"rendered":"<p><strong>Przewodnicz\u0105cy Sta\u0142ego S\u0105du Polubownego: <span style=\"text-decoration: underline;\">Grzegorz Mrozek<\/span><\/strong><\/p>\n<p><strong>Sekretarz Sta\u0142ego S\u0105du Polubownego: <\/strong><strong><u>Ma\u0142gorzata Tomaszewska<br \/>\n<\/u><\/strong><\/p>\n<p>&nbsp;<\/p>\n<p><strong>WNIOSEK: <a href=\"http:\/\/ih.olsztyn.pl\/dokumenty\/wniosek_formularz_ssp.docx\">wersja dost\u0119pna cyfrowo<\/a>\u00a0<a href=\"http:\/\/ih.olsztyn.pl\/dokumenty\/wniosek_formularz_ssp.pdf\">.pdf<\/a><\/strong><\/p>\n<p><strong>ZAPIS NA S\u0104D POLUBOWNY: <a href=\"http:\/\/ih.olsztyn.pl\/dokumenty\/zapis_na_sad.docx\">wersja dost\u0119pna cyfrowo<\/a> <a href=\"http:\/\/ih.olsztyn.pl\/dokumenty\/zapis_na_sad.pdf\">.pdf<\/a><\/strong><\/p>\n<p><strong>Klauzula informacyjna dotycz\u0105ca zasad przetwarzania danych osobowych: <a href=\"http:\/\/ih.olsztyn.pl\/dokumenty\/rodo_ssp.docx\">wersja dost\u0119pna cyfrowo<\/a> <a href=\"http:\/\/ih.olsztyn.pl\/dokumenty\/rodo_ssp.pdf\">.pdf<\/a><\/strong><\/p>\n<p>&nbsp;<\/p>\n<p>Przy Warmi\u0144sko-Mazurskim Wojew\u00f3dzkim Inspektorze Inspekcji Handlowej dzia\u0142a Sta\u0142y S\u0105d Polubowny, kt\u00f3ry rozpatruje spory o prawa maj\u0105tkowe wynik\u0142e z um\u00f3w zawartych mi\u0119dzy konsumentami a przedsi\u0119biorcami na podstawie ustawy z dnia 23 wrze\u015bnia 2016 r. o pozas\u0105dowym rozwi\u0105zywaniu spor\u00f3w konsumenckich (Dz.U. poz. 1823) oraz na podstawie ustawy o Inspekcji Handlowej z dnia 15 grudnia 2000 r. (t.j. Dz. U. z 2019r., poz. 1668 ze zm.).<\/p>\n<p>&nbsp;<\/p>\n<p>S\u0105d mo\u017ce odm\u00f3wi\u0107 rozpatrzenia sporu w przypadku, gdy:<\/p>\n<ol>\n<li>wnioskodawca nie podj\u0105\u0142 przed z\u0142o\u017ceniem wniosku o wszcz\u0119cie post\u0119powania pr\u00f3by kontaktu z drug\u0105 stron\u0105 i bezpo\u015bredniego rozwi\u0105zania sporu;<\/li>\n<li>sp\u00f3r jest b\u0142ahy lub wniosek o wszcz\u0119cie post\u0119powania spowoduje uci\u0105\u017cliwo\u015bci dla drugiej strony;<\/li>\n<li>sprawa o to samo roszczenie mi\u0119dzy tymi samymi stronami jest w toku albo zosta\u0142a ju\u017c rozpatrzona przez Inspekcj\u0119, s\u0105d, inny w\u0142a\u015bciwy podmiot albo s\u0105d powszechny;<\/li>\n<li>wnioskodawca z\u0142o\u017cy\u0142 wniosek o wszcz\u0119cie post\u0119powania po up\u0142ywie roku od dnia, w kt\u00f3rym podj\u0105\u0142 pr\u00f3b\u0119 kontaktu z drug\u0105 stron\u0105 i bezpo\u015bredniego rozwi\u0105zania sporu;<\/li>\n<li>rozpatrzenie sporu spowodowa\u0142oby powa\u017cne zak\u0142\u00f3cenie dzia\u0142ania s\u0105du.<\/li>\n<li>Z post\u0119powania przed s\u0105dem sporz\u0105dza si\u0119 protok\u00f3\u0142.<\/li>\n<\/ol>\n<p>&nbsp;<\/p>\n<p>W post\u0119powaniu przed s\u0105dami w zakresie nieuregulowanym ww. ustawami stosuje si\u0119 przepisy ustawy z dnia 17 listopada 1964 r. &#8211; Kodeks post\u0119powania cywilnego (Dz. U. z 2019r., poz. 1460 ze zm.).<\/p>\n<p>&nbsp;<\/p>\n<p><strong>Regulamin organizacji i dzia\u0142ania Sta\u0142ych S\u0105d\u00f3w Polubownych: <a href=\"http:\/\/ih.olsztyn.pl\/dokumenty\/regulamin_ssp.docx\">wersja dost\u0119pna cyfrowo<\/a> <a href=\"http:\/\/ih.olsztyn.pl\/dokumenty\/regulamin_ssp.pdf\">.pdf<\/a><\/strong><\/p>\n<p><strong>LISTA ARBITR\u00d3W STA\u0141EGO S\u0104DU POLUBOWNEGO dzia\u0142aj\u0105cego przy WARMI\u0143SKO-MAZURSKIM WOJEW\u00d3DZKIM INSPEKTORZE INSPEKCJI HANDLOWEJ: <a href=\"http:\/\/ih.olsztyn.pl\/dokumenty\/lista_arbitrow.docx\">wersja dost\u0119pna cyfrowo<\/a> <a href=\"http:\/\/ih.olsztyn.pl\/dokumenty\/lista_arbitrow.pdf\">.pdf<\/a><\/strong><\/p>\n<p><strong>Umowa o zorganizowanie Sta\u0142ego S\u0105du Polubownego: <a href=\"http:\/\/ih.olsztyn.pl\/dokumenty\/umowa_ssp.docx\">wersja dost\u0119pna cyfrowo<\/a> <a href=\"http:\/\/ih.olsztyn.pl\/dokumenty\/umowa_ssp.pdf\">.pdf<\/a><br \/>\n<\/strong><\/p>\n","protected":false},"excerpt":{"rendered":"<p>Przewodnicz\u0105cy Sta\u0142ego S\u0105du Polubownego: Grzegorz Mrozek Sekretarz Sta\u0142ego S\u0105du Polubownego: Ma\u0142gorzata Tomaszewska &nbsp; WNIOSEK: wersja dost\u0119pna cyfrowo\u00a0.pdf ZAPIS NA S\u0104D POLUBOWNY: wersja dost\u0119pna cyfrowo .pdf Klauzula informacyjna dotycz\u0105ca zasad przetwarzania danych osobowych: wersja dost\u0119pna cyfrowo .pdf &nbsp; Przy Warmi\u0144sko-Mazurskim Wojew\u00f3dzkim Inspektorze Inspekcji Handlowej dzia\u0142a Sta\u0142y S\u0105d Polubowny, kt\u00f3ry rozpatruje spory o prawa maj\u0105tkowe wynik\u0142e z [&hellip;]<\/p>\n","protected":false},"author":1,"featured_media":0,"parent":0,"menu_order":0,"comment_status":"closed","ping_status":"closed","template":"","meta":{"cybocfi_hide_featured_image":"","footnotes":""},"class_list":["post-43","page","type-page","status-publish","hentry"],"_links":{"self":[{"href":"https:\/\/ih.olsztyn.pl\/index.php\/wp-json\/wp\/v2\/pages\/43","targetHints":{"allow":["GET"]}}],"collection":[{"href":"https:\/\/ih.olsztyn.pl\/index.php\/wp-json\/wp\/v2\/pages"}],"about":[{"href":"https:\/\/ih.olsztyn.pl\/index.php\/wp-json\/wp\/v2\/types\/page"}],"author":[{"embeddable":true,"href":"https:\/\/ih.olsztyn.pl\/index.php\/wp-json\/wp\/v2\/users\/1"}],"replies":[{"embeddable":true,"href":"https:\/\/ih.olsztyn.pl\/index.php\/wp-json\/wp\/v2\/comments?post=43"}],"version-history":[{"count":28,"href":"https:\/\/ih.olsztyn.pl\/index.php\/wp-json\/wp\/v2\/pages\/43\/revisions"}],"predecessor-version":[{"id":1853,"href":"https:\/\/ih.olsztyn.pl\/index.php\/wp-json\/wp\/v2\/pages\/43\/revisions\/1853"}],"wp:attachment":[{"href":"https:\/\/ih.olsztyn.pl\/index.php\/wp-json\/wp\/v2\/media?parent=43"}],"curies":[{"name":"wp","href":"https:\/\/api.w.org\/{rel}","templated":true}]}}