{"id":36,"date":"2018-05-17T12:40:00","date_gmt":"2018-02-15T10:28:11","guid":{"rendered":"http:\/\/192.168.0.51\/wordpress\/?page_id=36"},"modified":"2019-12-22T16:29:44","modified_gmt":"2019-12-22T15:29:44","slug":"postepowanie-w-sprawach-pozasadowego-rozwiazywania-sporow-konsumenckich","status":"publish","type":"page","link":"https:\/\/ih.olsztyn.pl\/index.php\/postepowanie-w-sprawach-pozasadowego-rozwiazywania-sporow-konsumenckich\/","title":{"rendered":"Post\u0119powanie w Sprawach Pozas\u0105dowego Rozwi\u0105zywania Spor\u00f3w Konsumenckich"},"content":{"rendered":"<p><strong>WNIOSEK: <a href=\"http:\/\/ih.olsztyn.pl\/dokumenty\/wniosek_adr.docx\">wersja dost\u0119pna cyfrowo<\/a>\u00a0<a href=\"http:\/\/ih.olsztyn.pl\/dokumenty\/wniosek_adr.pdf\">.pdf<\/a><\/strong><\/p>\n<p><strong>Klauzula informacyjna dotycz\u0105ca zasad przetwarzania danych osobowych <a href=\"http:\/\/ih.olsztyn.pl\/dokumenty\/rodo_adr.docx\">wersja dost\u0119pna cyfrowo<\/a> <a href=\"http:\/\/ih.olsztyn.pl\/dokumenty\/rodo_adr.pdf\">.pdf<\/a><\/strong><\/p>\n<p><a href=\"https:\/\/ih.olsztyn.pl\/index.php\/sprawozdanie-z-dzialalnosci-pozasadowego-rozwiazywania-sporow-konsumenckich\/\"><strong>Sprawozdanie z dzia\u0142alno\u015bci Inspekcji Handlowej jako podmiotu w zakresie polubownego rozwi\u0105zywania spor\u00f3w konsumenckich (podmiotu ADR)<\/strong><\/a><\/p>\n<p>&nbsp;<\/p>\n<p>Inspekcja Handlowa jest podmiotem uprawnionym do prowadzenia post\u0119powania w sprawie pozas\u0105dowego rozwi\u0105zywania spor\u00f3w konsumenckich w rozumieniu ustawy z dnia 23 wrze\u015bnia 2016 r. o pozas\u0105dowym rozwi\u0105zywaniu spor\u00f3w konsumenckich (Dz.U. poz. 1823) oraz na podstawie ustawy o Inspekcji Handlowej z dnia 15 grudnia 2000 r. (t.j. Dz. U. z 2019r., poz. 1668 ze zm.).<\/p>\n<p>&nbsp;<\/p>\n<p>Je\u017celi przemawia za tym charakter sprawy, wojew\u00f3dzki inspektor podejmuje dzia\u0142ania maj\u0105ce na celu pozas\u0105dowe rozwi\u0105zanie sporu cywilnoprawnego mi\u0119dzy konsumentem a przedsi\u0119biorc\u0105 przez:<\/p>\n<ol>\n<li>umo\u017cliwienie zbli\u017cenia stanowisk stron w celu rozwi\u0105zania sporu przez jego strony lub<\/li>\n<li>przedstawienie stronom propozycji rozwi\u0105zania sporu.<\/li>\n<\/ol>\n<p>&nbsp;<\/p>\n<p>Post\u0119powanie w sprawie pozas\u0105dowego rozwi\u0105zywania spor\u00f3w konsumenckich wszczyna si\u0119 na wniosek konsumenta lub przedsi\u0119biorcy, z\u0142o\u017cony do wojew\u00f3dzkiego inspektora w\u0142a\u015bciwego ze wzgl\u0119du na miejsce wykonywania dzia\u0142alno\u015bci gospodarczej przez przedsi\u0119biorc\u0119. Do wniosku o wszcz\u0119cie post\u0119powania w sprawie pozas\u0105dowego rozwi\u0105zywania spor\u00f3w konsumenckich do\u0142\u0105cza si\u0119:<\/p>\n<ol>\n<li>opis okoliczno\u015bci sprawy;<\/li>\n<li>informacje na temat dotychczasowego przebiegu sporu;<\/li>\n<li>kopie posiadanych przez wnioskodawc\u0119 dokument\u00f3w potwierdzaj\u0105cych informacje zawarte we wniosku.<\/li>\n<\/ol>\n<p>&nbsp;<\/p>\n<p>Inspekcja odmawia rozpatrzenia sporu w przypadku, gdy jego przedmiot wykracza poza kategorie spor\u00f3w obj\u0119te w\u0142a\u015bciwo\u015bci\u0105 Inspekcji tj.:<\/p>\n<ol>\n<li>przedsi\u0119biorc\u00f3w dzia\u0142aj\u0105cych na terenach zamkni\u0119tych, podlegaj\u0105cych ministrowi w\u0142a\u015bciwemu do spraw wewn\u0119trznych, Ministrowi Obrony Narodowej i Ministrowi Sprawiedliwo\u015bci;<\/li>\n<li>przedsi\u0119biorc\u00f3w wytwarzaj\u0105cych energi\u0119 elektryczn\u0105 lub ciep\u0142o, lub prowadz\u0105cych hurtowy lub detaliczny handel energi\u0105 elektryczn\u0105, paliwami gazowymi lub ciep\u0142em, lub wykonuj\u0105cych dzia\u0142alno\u015b\u0107 w zakresie przesy\u0142ania lub dystrybucji energii elektrycznej lub gazu ziemnego lub przesy\u0142ania i dystrybucji ciep\u0142a;<\/li>\n<li>przedsi\u0119biorc\u00f3w produkuj\u0105cych paliwa;<\/li>\n<li>bank\u00f3w oraz prowadzonej przez nie dzia\u0142alno\u015bci bankowej;<\/li>\n<li>ubezpiecze\u0144 oraz dzia\u0142alno\u015bci ubezpieczeniowej;<\/li>\n<li>us\u0142ug pocztowych i telekomunikacyjnych;<\/li>\n<li>us\u0142ug po\u015brednictwa finansowego;<\/li>\n<li>us\u0142ug informatycznych;<\/li>\n<li>us\u0142ug naukowo-badawczych;<\/li>\n<li>us\u0142ug w zakresie edukacji \u015bwiadczonych przez podmioty publiczne;<\/li>\n<li>us\u0142ug w zakresie ochrony zdrowia i opieki spo\u0142ecznej;<\/li>\n<li>nawoz\u00f3w i \u015brodk\u00f3w wspomagaj\u0105cych upraw\u0119 ro\u015blin. (art. 4 ustawy o Inspekcji Handlowej z dnia 15 grudnia 2000 r. (t.j. Dz. U. z 2019r., poz. 1668 ze zm.)<\/li>\n<\/ol>\n<p>&nbsp;<\/p>\n<p>Inspekcja mo\u017ce odm\u00f3wi\u0107 rozpatrzenia sporu w przypadku, gdy:<\/p>\n<ol>\n<li>wnioskodawca nie podj\u0105\u0142 przed z\u0142o\u017ceniem wniosku o wszcz\u0119cie post\u0119powania w sprawie pozas\u0105dowego rozwi\u0105zywania spor\u00f3w konsumenckich pr\u00f3by kontaktu z drug\u0105 stron\u0105 i bezpo\u015bredniego rozwi\u0105zania sporu;<\/li>\n<li>sp\u00f3r jest b\u0142ahy lub wniosek o wszcz\u0119cie post\u0119powania w sprawie pozas\u0105dowego rozwi\u0105zywania spor\u00f3w konsumenckich spowoduje uci\u0105\u017cliwo\u015bci dla drugiej strony;<\/li>\n<li>sprawa o to samo roszczenie mi\u0119dzy tymi samymi stronami jest w toku albo zosta\u0142a ju\u017c rozpatrzona przez Inspekcj\u0119, sta\u0142y s\u0105d polubowny, inny w\u0142a\u015bciwy podmiot albo s\u0105d;<\/li>\n<li>wnioskodawca z\u0142o\u017cy\u0142 wniosek o wszcz\u0119cie post\u0119powania po up\u0142ywie roku od dnia, w kt\u00f3rym podj\u0105\u0142 pr\u00f3b\u0119 kontaktu z drug\u0105 stron\u0105 i bezpo\u015bredniego rozwi\u0105zania sporu;<\/li>\n<li>rozpatrzenie sporu spowodowa\u0142oby powa\u017cne zak\u0142\u00f3cenie dzia\u0142ania Inspekcji.<\/li>\n<\/ol>\n<p>&nbsp;<\/p>\n<ul>\n<li><a href=\"http:\/\/ih.olsztyn.pl\/dokumenty\/lista_adr.pdf\">Lista podmiot\u00f3w rozstrzygaj\u0105cych polubownie spory konsumenckie [dokument PDF &#8211; WYKAZ PODMIOT\u00d3W ALTERNATYWNYCH METOD ROZSTRZYGANIA SPOR\u00d3W](aktualna na dzie\u0144 20.12.2019r.)<\/a><\/li>\n<li><a href=\"https:\/\/ec.europa.eu\/consumers\/odr\/main\/?event=main.adr.show\">Lista podmiot\u00f3w rozstrzygaj\u0105cych polubownie spory konsumenckie (bezpo\u015bredni link WWW do aktualnych informacji &#8211; WYKAZ PODMIOT\u00d3W ALTERNATYWNYCH METOD ROZSTRZYGANIA SPOR\u00d3W)<\/a><\/li>\n<\/ul>\n<p>&nbsp;<\/p>\n<p><strong>Prawa stron w post\u0119powaniu<\/strong><\/p>\n<p>W toku post\u0119powania stronom zapewnia si\u0119 mo\u017cliwo\u015b\u0107 udzia\u0142u w post\u0119powaniu w tym przedstawienia stanowisk, dokument\u00f3w, dowod\u00f3w, a tak\u017ce umo\u017cliwia si\u0119 dost\u0119p do stanowisk, dokument\u00f3w i dowod\u00f3w przedstawionych przez drug\u0105 stron\u0119, a tak\u017ce do opinii wydanych przez ekspert\u00f3w wraz z mo\u017cliwo\u015bci\u0105 ustosunkowania si\u0119 do nich. Na ka\u017cdym etapie post\u0119powania strony mog\u0105 skorzysta\u0107 z pomocy os\u00f3b trzecich, w tym os\u00f3b \u015bwiadcz\u0105cych profesjonaln\u0105 pomoc prawn\u0105. Korzystanie z pomocy przedstawicieli, jak wy\u017cej, odbywa si\u0119 bez mo\u017cliwo\u015bci uzyskania zwrotu koszt\u00f3w tej pomocy. W przypadku post\u0119powania polegaj\u0105cego na przedstawieniu stronom propozycji rozwi\u0105zania sporu (koncyliacja) strony maj\u0105 prawo do wycofania si\u0119 na dowolnym jego etapie. Ponadto strony mog\u0105 nie wyrazi\u0107 zgody na przedstawion\u0105 propozycj\u0119 lub nie zastosowa\u0107 si\u0119 do niej. Przedstawiona propozycja mo\u017ce r\u00f3\u017cni\u0107 si\u0119 od rozstrzygni\u0119cia, jakie mog\u0142oby zapa\u015b\u0107 w post\u0119powaniu s\u0105dowym. Udzia\u0142 w post\u0119powaniu, bez wzgl\u0119du na wybrany tryb, nie wyklucza mo\u017cliwo\u015bci dochodzenia roszcze\u0144 w post\u0119powaniu s\u0105dowym (w sytuacji, gdy nie dosz\u0142o do ugody lub nie zosta\u0142a ona zrealizowana). Strony maj\u0105 prawo do wycofania si\u0119 z post\u0119powania na dowolnym etapie.<\/p>\n<p>&nbsp;<\/p>\n<p><strong>Czas trwania post\u0119powania<\/strong><\/p>\n<p>Inspekcja Handlowa powinna zako\u0144czy\u0107 procedur\u0119 pozas\u0105dowego rozwi\u0105zania sporu konsumenckiego w terminie\u00a0<strong>90 dni od dnia otrzymania wniosku<\/strong>. Termin ten mo\u017ce zosta\u0107 przed\u0142u\u017cony w przypadku sporu szczeg\u00f3lnie skomplikowanego. W tym przypadku Inspekcja Handlowa zawiadomi strony o ka\u017cdym przed\u0142u\u017ceniu, jednocze\u015bnie wskazuj\u0105c przewidywany termin zako\u0144czenia post\u0119powania. W tut. Inspektoracie \u015bredni czas trwania post\u0119powania ADR w 2017 r. wynosi 37 dni. Dat\u0105 zako\u0144czenia post\u0119powania jest dzie\u0144 sporz\u0105dzenia protoko\u0142u przez osob\u0119 prowadz\u0105ca post\u0119powanie; protok\u00f3\u0142 jest dor\u0119czany stronom. Post\u0119powanie jest dla konsument\u00f3w\u00a0<strong>nieodp\u0142atne<\/strong>. Niemniej w przypadku czynno\u015bci podj\u0119tych w jego toku na wniosek stron, istnieje mo\u017cliwo\u015b\u0107 obci\u0105\u017cenia ich kosztami.<\/p>\n<p>&nbsp;<\/p>\n<p><strong>Informacje dodatkowe<\/strong><\/p>\n<p>Inspekcja Handlowa jako podmiot horyzontalny jest w\u0142a\u015bciwa do prowadzenia post\u0119powa\u0144 we wszystkich sprawach, dla kt\u00f3rych nie utworzono podmiotu wyspecjalizowanego. Podejmuje dzia\u0142ania w przypadku spor\u00f3w konsumenckich w sprawach dotycz\u0105cych sprzeda\u017cy konsumenckiej oraz us\u0142ug, w tym m. in. przewozu towar\u00f3w, us\u0142ug turystycznych, deweloperskich, remontowo-budowlanych, edukacyjnych \u015bwiadczonych przez podmioty niepubliczne. Na mocy przepis\u00f3w ustawy z dnia 23 wrze\u015bnia 2016 r. o pozas\u0105dowym rozwi\u0105zywaniu spor\u00f3w konsumenckich (Dz. U. z 2016 r., poz. 1823) Inspekcja Handlowa uzyska\u0142a status podmiotu ADR* &#8211; wpis pod\u00a0\u00a0<strong>numerem 6\u00a0<\/strong>\u00a0w rejestrze podmiot\u00f3w uprawnionych do pozas\u0105dowego rozwi\u0105zywania spor\u00f3w konsumenckich prowadzonym przez Prezesa UOKiK. Tut. Inspektorat nie prowadzi informacji statystycznych o procentowym udziale przypadk\u00f3w, w kt\u00f3rych strony zastosowa\u0142y si\u0119 do wyniku post\u0119powania ADR, w stosunku do liczby wszcz\u0119tych post\u0119powa\u0144.<\/p>\n<p>Szczeg\u00f3\u0142owy wykaz sektor\u00f3w (w\u0142a\u015bciwo\u015b\u0107 rzeczowa) rozpatrywanych spor\u00f3w znajduje si\u0119 <a href=\"http:\/\/ih.olsztyn.pl\/index.php\/sektory-adr\/\">TUTAJ<\/a><\/p>\n<p>&nbsp;<\/p>\n<p><strong>Osoby prowadz\u0105ce post\u0119powania<\/strong> w sprawie pozas\u0105dowego rozwi\u0105zywania spor\u00f3w konsumenckich posiadaj\u0105 wiedz\u0119 i umiej\u0119tno\u015bci w dziedzinie pozas\u0105dowego rozwi\u0105zywania spor\u00f3w konsumenckich oraz og\u00f3ln\u0105 znajomo\u015b\u0107 prawa. Osoby te dzia\u0142aj\u0105 na podstawie pisemnego, wydanego przez wojew\u00f3dzkiego inspektora, upowa\u017cnienia do prowadzenia post\u0119powa\u0144 na czas okre\u015blony wynosz\u0105cy 4 lata.<\/p>\n<p>&nbsp;<\/p>\n<p><strong>Post\u0119powania <\/strong>prowadzone s\u0105 w j\u0119zyku polskim, wnioski oraz dokumenty towarzysz\u0105ce powinny by\u0107 sporz\u0105dzone r\u00f3wnie\u017c w j\u0119zyku polskim. Zar\u00f3wno podmioty publiczne, jak i niepubliczne, aby uzyska\u0107 status podmiotu uprawnionego do pozas\u0105dowego rozwi\u0105zywania spor\u00f3w konsumenckich, musz\u0105 zosta\u0107 wpisane do <strong>rejestru <\/strong>prowadzonego przez <strong>Prezesa Urz\u0119du Ochrony Konkurencji i Konsument\u00f3w (UOKiK)<\/strong>. Udzia\u0142 podmiot\u00f3w publicznych w systemie pozas\u0105dowego rozwi\u0105zywania spor\u00f3w konsumenckich jest\u00a0<strong>obowi\u0105zkowy<\/strong>.<\/p>\n<p>&nbsp;<\/p>\n<p><strong>Inspekcja Handlowa Warmi\u0144sko Mazurski Wojew\u00f3dzki Inspektor Inspekcji Handlowej, nr 6 w Rejestrze, ul. D\u0105browszczak\u00f3w 10, 10-540 Olsztyn, tel 89 527 27 65, fax 89 527 42 51; e-mail <a href=\"mailto:olsztyn@ih.olsztyn.pl\">olsztyn@ih.olsztyn.pl<\/a><\/strong><\/p>\n<p>&nbsp;<\/p>\n<p>W przypadku odmowy rozpatrzenia sporu Inspekcja Handlowa informuje strony, w terminie\u00a0<strong>trzech tygodni <\/strong>od dor\u0119czenia wniosku, o jej przyczynie.<\/p>\n<p><strong>\u00a0<\/strong><\/p>\n<p><strong>Obowi\u0105zki przedsi\u0119biorc\u00f3w<\/strong><\/p>\n<ul>\n<li>Przedsi\u0119biorco, je\u015bli zgadzasz si\u0119 na pozas\u0105dowe rozwi\u0105zywanie spor\u00f3w lub zobowi\u0105zuje ci\u0119 do tego prawo (jak np. w przypadku bank\u00f3w, SKOK\u00f3w lub ubezpieczycieli), poinformuj o tym na swojej stronie internetowej i w og\u00f3lnych warunkach um\u00f3w, kt\u00f3re zawierasz z konsumentami. Podaj nazw\u0119 podmiotu, do kt\u00f3rego mo\u017ce si\u0119 zwr\u00f3ci\u0107 klient, by rozwi\u0105za\u0107 z tob\u0105 sp\u00f3r. Wska\u017c co najmniej adres jego strony internetowej.<\/li>\n<li>Je\u017celi odrzuci\u0142e\u015b reklamacj\u0119, zawsze musisz poinformowa\u0107 klienta o tym, czy zgadzasz si\u0119 na rozwi\u0105zanie sporu pozas\u0105dowo, czy nie wyra\u017casz zgody. Informacje te przeka\u017c na papierze lub innym trwa\u0142ym no\u015bniku (np. pami\u0119ci USB lub p\u0142ycie CD\/DVD), odpowiadaj\u0105c na reklamacj\u0119.<\/li>\n<li>Wska\u017c konsumentowi, kt\u00f3ry podmiot jest w\u0142a\u015bciwy w przypadku zaistnienia sporu z twoim udzia\u0142em.<\/li>\n<li>Podmioty, kt\u00f3re b\u0119d\u0105 mog\u0142y rozwi\u0105za\u0107 sp\u00f3r znajdziesz na stronie www.uokik.gov.pl. Ich rejestr prowadzi Prezes UOKiK.<\/li>\n<li>Brak deklaracji oznacza automatycznie, \u017ce zgadzasz si\u0119 na rozwi\u0105zanie sporu poza s\u0105dem.<\/li>\n<li>Prowadzisz sklep internetowy? Masz takie same obowi\u0105zki. Ponadto, powiniene\u015b podawa\u0107 (obowi\u0105zek istnieje od 9 stycznia 2016 r.) na swojej stronie internetowej link do platformy, za po\u015brednictwem kt\u00f3rej konsument mo\u017ce przyst\u0105pi\u0107 do rozwi\u0105zania spor online. Masz taki obowi\u0105zek, nawet wtedy, gdy nie zgadzasz si\u0119 na pozas\u0105dowe rozwi\u0105zanie konfliktu.<\/li>\n<li>Pami\u0119taj, \u017ce pozas\u0105dowe rozwi\u0105zywanie spor\u00f3w jest dla wi\u0119kszo\u015bci przedsi\u0119biorc\u00f3w dobrowolne. Musz\u0105 si\u0119 na nie zgodzi\u0107 obie strony sporu.<\/li>\n<li>Post\u0119powanie wszczynane jest na wniosek konsumenta, chyba \u017ce regulamin danego podmiotu pozwala na to, aby spraw\u0119 zg\u0142osi\u0142 przedsi\u0119biorca. Polubowne sposoby rozwi\u0105zania sporu s\u0105 ta\u0144sze i du\u017co szybsze ni\u017c post\u0119powanie s\u0105dowe. Sprawa zostanie rozwi\u0105zana w ci\u0105gu 90 dni od momentu zebrania wszystkich informacji. Post\u0119powanie to charakteryzuje w szczeg\u00f3lno\u015bci: co do zasady brak koszt\u00f3w, szybko\u015b\u0107, dobrowolno\u015b\u0107 udzia\u0142u, bezstronno\u015b\u0107, poufno\u015b\u0107, atmosfera budowania wzajemnego porozumienia, satysfakcja z polubownego rozwi\u0105zania sporu.<\/li>\n<\/ul>\n","protected":false},"excerpt":{"rendered":"<p>WNIOSEK: wersja dost\u0119pna cyfrowo\u00a0.pdf Klauzula informacyjna dotycz\u0105ca zasad przetwarzania danych osobowych wersja dost\u0119pna cyfrowo .pdf Sprawozdanie z dzia\u0142alno\u015bci Inspekcji Handlowej jako podmiotu w zakresie polubownego rozwi\u0105zywania spor\u00f3w konsumenckich (podmiotu ADR) &nbsp; Inspekcja Handlowa jest podmiotem uprawnionym do prowadzenia post\u0119powania w sprawie pozas\u0105dowego rozwi\u0105zywania spor\u00f3w konsumenckich w rozumieniu ustawy z dnia 23 wrze\u015bnia 2016 r. o [&hellip;]<\/p>\n","protected":false},"author":1,"featured_media":0,"parent":0,"menu_order":0,"comment_status":"closed","ping_status":"closed","template":"","meta":{"cybocfi_hide_featured_image":"","footnotes":""},"class_list":["post-36","page","type-page","status-publish","hentry"],"_links":{"self":[{"href":"https:\/\/ih.olsztyn.pl\/index.php\/wp-json\/wp\/v2\/pages\/36","targetHints":{"allow":["GET"]}}],"collection":[{"href":"https:\/\/ih.olsztyn.pl\/index.php\/wp-json\/wp\/v2\/pages"}],"about":[{"href":"https:\/\/ih.olsztyn.pl\/index.php\/wp-json\/wp\/v2\/types\/page"}],"author":[{"embeddable":true,"href":"https:\/\/ih.olsztyn.pl\/index.php\/wp-json\/wp\/v2\/users\/1"}],"replies":[{"embeddable":true,"href":"https:\/\/ih.olsztyn.pl\/index.php\/wp-json\/wp\/v2\/comments?post=36"}],"version-history":[{"count":19,"href":"https:\/\/ih.olsztyn.pl\/index.php\/wp-json\/wp\/v2\/pages\/36\/revisions"}],"predecessor-version":[{"id":1001,"href":"https:\/\/ih.olsztyn.pl\/index.php\/wp-json\/wp\/v2\/pages\/36\/revisions\/1001"}],"wp:attachment":[{"href":"https:\/\/ih.olsztyn.pl\/index.php\/wp-json\/wp\/v2\/media?parent=36"}],"curies":[{"name":"wp","href":"https:\/\/api.w.org\/{rel}","templated":true}]}}