{"id":346,"date":"2018-05-25T12:59:21","date_gmt":"2018-05-25T10:59:21","guid":{"rendered":"http:\/\/ih.olsztyn.pl\/?page_id=346"},"modified":"2025-05-09T12:21:49","modified_gmt":"2025-05-09T10:21:49","slug":"inspektor-ochrony-danych-osobowych","status":"publish","type":"page","link":"https:\/\/ih.olsztyn.pl\/index.php\/inspektor-ochrony-danych-osobowych\/","title":{"rendered":"Inspektor Ochrony Danych Osobowych"},"content":{"rendered":"<p><strong>Inspektorem Ochrony Danych<\/strong> w Wojew\u00f3dzkim Inspektoracie Inspekcji Handlowej<br \/>\nw Olsztynie jest:<\/p>\n<p><strong>Ma\u0142gorzata Tomaszewska<\/strong><strong><br \/>\n<\/strong><br \/>\nkontakt:<\/p>\n<p>D\u0105browszczak\u00f3w 10, 10-540 Olsztyn<strong><br \/>\n<\/strong>tel. (89) 527 27 65<\/p>\n<p>fax (89) 527 42 51<\/p>\n<p>e-mail: <a href=\"mailto:iod@ih.olsztyn.pl\">iod@ih.olsztyn.pl<\/a><a href=\"mailto:iod@ih.olsztyn.pl%0b\"><br \/>\n<\/a><\/p>\n<p><strong>Og\u00f3lna klauzula informacyjna dotycz\u0105ca przetwarzania danych osobowych<br \/>\nw Wojew\u00f3dzkim Inspektoracie Inspekcji Handlowej w Olsztynie<\/strong><\/p>\n<p>Zgodnie z art. 13 ust. 1 i 2 rozporz\u0105dzenia Parlamentu Europejskiego i Rady (UE) 2016\/679<br \/>\nz 27 kwietnia 2016 r. w sprawie ochrony os\u00f3b fizycznych w zwi\u0105zku z przetwarzaniem danych osobowych i w sprawie swobodnego przep\u0142ywu takich danych oraz uchylenia dyrektywy 95\/46\/WE (og\u00f3lne rozporz\u0105dzenie o ochronie danych) (Dz. Urz. UE L 119, str. 1) \u2013 dalej RODO<\/p>\n<p>\u2013 informujemy, \u017ce:<\/p>\n<ul>\n<li>Administratorem Pani\/Pana danych osobowych jest Warmi\u0144sko-Mazurski Wojew\u00f3dzki Inspektor Inspekcji Handlowej z siedzib\u0105 w Olsztynie, przy ul. D\u0105browszczak\u00f3w 10,zwany dalej: Administratorem; Administrator prowadzi operacje przetwarzania Pani\/Pana danych osobowych.<\/li>\n<li>Inspektorem Ochrony Danych u Administratora jest Ma\u0142gorzata Tomaszewska, e-mail: iod@ih.olsztyn.pl, nr telefonu: (89) 527 27 65, adres do korespondencji: ul. D\u0105browszczak\u00f3w 10, 10-540 Olsztyn.<\/li>\n<li>Pani\/Pana dane osobowe przetwarzane s\u0105 przez Administratora w celach okre\u015blonych przepisami prawa, wynikaj\u0105cych z realizacji zada\u0144 i ustawowych obowi\u0105zk\u00f3w poszczeg\u00f3lnych kom\u00f3rek organizacyjnych Wojew\u00f3dzkiego Inspektoratu Inspekcji Handlowej w Olsztynie.<\/li>\n<li>Odbiorcami Pani\/Pana danych osobowych b\u0119d\u0105 co do zasady pracownicy Wojew\u00f3dzkiego Inspektoratu Inspekcji Handlowej w Olsztynie realizuj\u0105cy zadanie, ewentualnie inne organy pa\u0144stwowe, w tym organy administracji rz\u0105dowej<br \/>\ni samorz\u0105dowej, organy kontroli, organy \u015bcigania, s\u0105dy powszechne i administracyjne, rzecznicy konsument\u00f3w, podmioty \u015bwiadcz\u0105ce us\u0142ugi informatyczne wobec Administratora.<\/li>\n<li>Zgodnie z RODO przys\u0142uguje Pani\/Panu: prawo dost\u0119pu do swoich danych oraz otrzymania ich kopii; prawo do sprostowania (poprawiania) swoich danych; prawo do usuni\u0119cia danych, ograniczenia przetwarzania danych; prawo do wniesienia sprzeciwu wobec przetwarzania danych; prawo do przenoszenia danych; prawo do cofni\u0119cia zgody na przetwarzanie danych osobowych; prawo do wniesienia skargi do organu nadzorczego.<\/li>\n<li>Pani\/Pana dane osobowe nie podlegaj\u0105 zautomatyzowanemu podejmowaniu decyzji, w tym profilowaniu.<\/li>\n<li>Pani\/Pana dane osobowe b\u0119d\u0105 przechowywane przez okres zgodny z obowi\u0105zuj\u0105cymi przepisami\u00a0 archiwalnymi, tj. ustaw\u0105 z dnia 14 lipca 1983 r. o narodowym zasobie archiwalnym i archiwach (tekst jednolity Dz. U. z 2018 r. poz. 217 ze zm.)<br \/>\ni rozporz\u0105dzeniem\u00a0 Prezesa Rady Ministr\u00f3w z dnia 18 stycznia 2011 r. w sprawie instrukcji kancelaryjnej, jednolitych rzeczowych wykaz\u00f3w akt oraz instrukcji<br \/>\nw sprawie organizacji i zakresu dzia\u0142ania archiw\u00f3w zak\u0142adowych (Dz. U. z 2011 r. Nr 14 poz. 67 ze zm.).<\/li>\n<\/ul>\n<p>&nbsp;<\/p>\n","protected":false},"excerpt":{"rendered":"<p>Inspektorem Ochrony Danych w Wojew\u00f3dzkim Inspektoracie Inspekcji Handlowej w Olsztynie jest: Ma\u0142gorzata Tomaszewska kontakt: D\u0105browszczak\u00f3w 10, 10-540 Olsztyn tel. (89) 527 27 65 fax (89) 527 42 51 e-mail: iod@ih.olsztyn.pl Og\u00f3lna klauzula informacyjna dotycz\u0105ca przetwarzania danych osobowych w Wojew\u00f3dzkim Inspektoracie Inspekcji Handlowej w Olsztynie Zgodnie z art. 13 ust. 1 i 2 rozporz\u0105dzenia Parlamentu Europejskiego [&hellip;]<\/p>\n","protected":false},"author":1,"featured_media":0,"parent":0,"menu_order":0,"comment_status":"closed","ping_status":"closed","template":"","meta":{"cybocfi_hide_featured_image":"","footnotes":""},"class_list":["post-346","page","type-page","status-publish","hentry"],"_links":{"self":[{"href":"https:\/\/ih.olsztyn.pl\/index.php\/wp-json\/wp\/v2\/pages\/346","targetHints":{"allow":["GET"]}}],"collection":[{"href":"https:\/\/ih.olsztyn.pl\/index.php\/wp-json\/wp\/v2\/pages"}],"about":[{"href":"https:\/\/ih.olsztyn.pl\/index.php\/wp-json\/wp\/v2\/types\/page"}],"author":[{"embeddable":true,"href":"https:\/\/ih.olsztyn.pl\/index.php\/wp-json\/wp\/v2\/users\/1"}],"replies":[{"embeddable":true,"href":"https:\/\/ih.olsztyn.pl\/index.php\/wp-json\/wp\/v2\/comments?post=346"}],"version-history":[{"count":9,"href":"https:\/\/ih.olsztyn.pl\/index.php\/wp-json\/wp\/v2\/pages\/346\/revisions"}],"predecessor-version":[{"id":3221,"href":"https:\/\/ih.olsztyn.pl\/index.php\/wp-json\/wp\/v2\/pages\/346\/revisions\/3221"}],"wp:attachment":[{"href":"https:\/\/ih.olsztyn.pl\/index.php\/wp-json\/wp\/v2\/media?parent=346"}],"curies":[{"name":"wp","href":"https:\/\/api.w.org\/{rel}","templated":true}]}}