{"id":31,"date":"2018-05-17T12:40:00","date_gmt":"2018-02-15T09:57:02","guid":{"rendered":"http:\/\/192.168.0.51\/wordpress\/?page_id=31"},"modified":"2025-05-30T12:54:57","modified_gmt":"2025-05-30T10:54:57","slug":"elblag-dane-teleadresowe","status":"publish","type":"page","link":"https:\/\/ih.olsztyn.pl\/index.php\/elblag-dane-teleadresowe\/","title":{"rendered":"Elbl\u0105g &#8211; dane teleadresowe"},"content":{"rendered":"<p>&nbsp;<\/p>\n<p><center><img decoding=\"async\" src=\"http:\/\/ih.olsztyn.pl\/images\/elblag.jpg\" alt=\"Zdj\u0119cie siedziby Delegatury Inspekcji Handlowej w Elbl\u0105gu\" \/><\/center><\/p>\n<p style=\"text-align: center;\"><strong>Wojew\u00f3dzki Inspektorat Inspekcji Handlowej w Olsztynie &#8211; Delegatura w Elbl\u0105gu<\/strong><\/p>\n<p style=\"text-align: center;\">ul. Wojska Polskiego 1, 82-300 Elbl\u0105g<\/p>\n<p style=\"text-align: center;\"><strong>tel: <\/strong>(55) 641-78-81 <strong>fax: <\/strong>(55) 641-78-80<\/p>\n<p style=\"text-align: center;\"><strong>e-mail:<\/strong><a href=\"mailto:elblag@ih.olsztyn.pl\">elblag@ih.olsztyn.pl<\/a><\/p>\n<p style=\"text-align: center;\"><strong>\u00a0<\/strong><\/p>\n<p style=\"text-align: center;\"><strong>Godziny urz\u0119dowania:<\/strong><\/p>\n<table>\n<tbody>\n<tr>\n<td>poniedzia\u0142ek:<\/td>\n<td>7.30 &#8211; 18.00<\/td>\n<\/tr>\n<tr>\n<td>wtorek:<\/td>\n<td>7.30 &#8211; 15.30<\/td>\n<\/tr>\n<tr>\n<td>\u015broda:<\/td>\n<td>7.30 &#8211; 15.30<\/td>\n<\/tr>\n<tr>\n<td>czwartek:<\/td>\n<td>7.30 &#8211; 15.30<\/td>\n<\/tr>\n<tr>\n<td>pi\u0105tek:<\/td>\n<td>7.30 &#8211; 15.30<\/td>\n<\/tr>\n<\/tbody>\n<\/table>\n<p>&nbsp;<\/p>\n<p style=\"text-align: center;\"><strong>Dyrektor Delegatury przyjmuje interesant\u00f3w w sprawach skarg, wniosk\u00f3w oraz petycji:<\/strong><\/p>\n<table>\n<tbody>\n<tr>\n<td>codziennie:<\/td>\n<td>8:00 &#8211; 10:00<\/td>\n<\/tr>\n<tr>\n<td>poniedzia\u0142ek:<\/td>\n<td>15:00 &#8211; 16:00<\/td>\n<\/tr>\n<tr>\n<td>wtorek:<\/td>\n<td>14:00 &#8211; 15:30<\/td>\n<\/tr>\n<\/tbody>\n<\/table>\n<p>&nbsp;<\/p>\n<p style=\"text-align: center;\"><strong>Dyrektor Delegatury<\/strong><\/p>\n<p style=\"text-align: center;\"><strong><u>Mariusz M\u0105czka<\/u><\/strong><\/p>\n<p style=\"text-align: center;\">\n","protected":false},"excerpt":{"rendered":"<p>&nbsp; Wojew\u00f3dzki Inspektorat Inspekcji Handlowej w Olsztynie &#8211; Delegatura w Elbl\u0105gu ul. Wojska Polskiego 1, 82-300 Elbl\u0105g tel: (55) 641-78-81 fax: (55) 641-78-80 e-mail:elblag@ih.olsztyn.pl \u00a0 Godziny urz\u0119dowania: poniedzia\u0142ek: 7.30 &#8211; 18.00 wtorek: 7.30 &#8211; 15.30 \u015broda: 7.30 &#8211; 15.30 czwartek: 7.30 &#8211; 15.30 pi\u0105tek: 7.30 &#8211; 15.30 &nbsp; Dyrektor Delegatury przyjmuje interesant\u00f3w w sprawach skarg, [&hellip;]<\/p>\n","protected":false},"author":1,"featured_media":0,"parent":0,"menu_order":0,"comment_status":"closed","ping_status":"closed","template":"","meta":{"cybocfi_hide_featured_image":"","footnotes":""},"class_list":["post-31","page","type-page","status-publish","hentry"],"_links":{"self":[{"href":"https:\/\/ih.olsztyn.pl\/index.php\/wp-json\/wp\/v2\/pages\/31","targetHints":{"allow":["GET"]}}],"collection":[{"href":"https:\/\/ih.olsztyn.pl\/index.php\/wp-json\/wp\/v2\/pages"}],"about":[{"href":"https:\/\/ih.olsztyn.pl\/index.php\/wp-json\/wp\/v2\/types\/page"}],"author":[{"embeddable":true,"href":"https:\/\/ih.olsztyn.pl\/index.php\/wp-json\/wp\/v2\/users\/1"}],"replies":[{"embeddable":true,"href":"https:\/\/ih.olsztyn.pl\/index.php\/wp-json\/wp\/v2\/comments?post=31"}],"version-history":[{"count":12,"href":"https:\/\/ih.olsztyn.pl\/index.php\/wp-json\/wp\/v2\/pages\/31\/revisions"}],"predecessor-version":[{"id":3242,"href":"https:\/\/ih.olsztyn.pl\/index.php\/wp-json\/wp\/v2\/pages\/31\/revisions\/3242"}],"wp:attachment":[{"href":"https:\/\/ih.olsztyn.pl\/index.php\/wp-json\/wp\/v2\/media?parent=31"}],"curies":[{"name":"wp","href":"https:\/\/api.w.org\/{rel}","templated":true}]}}