{"id":26,"date":"2018-05-17T12:40:00","date_gmt":"2018-02-15T09:47:59","guid":{"rendered":"http:\/\/192.168.0.51\/wordpress\/?page_id=26"},"modified":"2025-05-30T12:55:16","modified_gmt":"2025-05-30T10:55:16","slug":"elk-dane-teleadresowe","status":"publish","type":"page","link":"https:\/\/ih.olsztyn.pl\/index.php\/elk-dane-teleadresowe\/","title":{"rendered":"E\u0142k &#8211; dane teleadresowe"},"content":{"rendered":"<p>&nbsp;<\/p>\n<p><center><img decoding=\"async\" src=\"http:\/\/ih.olsztyn.pl\/images\/elk.png\" alt=\"Zdj\u0119cie siedziby Delegatury Inspekcji Handlowej w E\u0142ku\" \/><\/center><\/p>\n<p style=\"text-align: center;\"><strong>Wojew\u00f3dzki Inspektorat Inspekcji Handlowej w Olsztynie &#8211; Delegatura w E\u0142ku<\/strong><\/p>\n<p style=\"text-align: center;\">ul. Chopina 15, 19-300 E\u0142k<\/p>\n<p style=\"text-align: center;\"><strong>tel: <\/strong>(87) 621-16-53<\/p>\n<p style=\"text-align: center;\"><strong>e-mail:\u00a0<\/strong><a href=\"mailto:elk@ih.olsztyn.pl\">elk@ih.olsztyn.pl<\/a><\/p>\n<p style=\"text-align: center;\"><strong>\u00a0<\/strong><\/p>\n<p style=\"text-align: center;\"><strong>Godziny urz\u0119dowania:<\/strong><\/p>\n<table>\n<tbody>\n<tr>\n<td>poniedzia\u0142ek:<\/td>\n<td>7.30 &#8211; 18.00<\/td>\n<\/tr>\n<tr>\n<td>wtorek:<\/td>\n<td>7.30 &#8211; 15.30<\/td>\n<\/tr>\n<tr>\n<td>\u015broda:<\/td>\n<td>7.30 &#8211; 15.30<\/td>\n<\/tr>\n<tr>\n<td>czwartek:<\/td>\n<td>7.30 &#8211; 15.30<\/td>\n<\/tr>\n<tr>\n<td>pi\u0105tek:<\/td>\n<td>7.30 &#8211; 15.30<\/td>\n<\/tr>\n<\/tbody>\n<\/table>\n<p>&nbsp;<\/p>\n<p style=\"text-align: center;\"><strong>Dyrektor Delegatury przyjmuje interesant\u00f3w w sprawach skarg, wniosk\u00f3w oraz petycji:<\/strong><\/p>\n<table>\n<tbody>\n<tr>\n<td>codziennie:<\/td>\n<td>8:00 &#8211; 10:00<\/td>\n<\/tr>\n<tr>\n<td>poniedzia\u0142ek:<\/td>\n<td>15:00 &#8211; 16:00<\/td>\n<\/tr>\n<tr>\n<td>wtorek:<\/td>\n<td>14:00 &#8211; 15:30<\/td>\n<\/tr>\n<\/tbody>\n<\/table>\n<p>&nbsp;<\/p>\n<p style=\"text-align: center;\"><strong><em>\u00a0<\/em><\/strong><\/p>\n<p style=\"text-align: center;\"><strong>Dyrektor Delegatury<\/strong><\/p>\n<p style=\"text-align: center;\"><strong><u>Pawe\u0142 Ratkiewicz<\/u><\/strong><\/p>\n<p style=\"text-align: center;\">\n","protected":false},"excerpt":{"rendered":"<p>&nbsp; Wojew\u00f3dzki Inspektorat Inspekcji Handlowej w Olsztynie &#8211; Delegatura w E\u0142ku ul. Chopina 15, 19-300 E\u0142k tel: (87) 621-16-53 e-mail:\u00a0elk@ih.olsztyn.pl \u00a0 Godziny urz\u0119dowania: poniedzia\u0142ek: 7.30 &#8211; 18.00 wtorek: 7.30 &#8211; 15.30 \u015broda: 7.30 &#8211; 15.30 czwartek: 7.30 &#8211; 15.30 pi\u0105tek: 7.30 &#8211; 15.30 &nbsp; Dyrektor Delegatury przyjmuje interesant\u00f3w w sprawach skarg, wniosk\u00f3w oraz petycji: codziennie: [&hellip;]<\/p>\n","protected":false},"author":1,"featured_media":0,"parent":0,"menu_order":0,"comment_status":"closed","ping_status":"closed","template":"","meta":{"cybocfi_hide_featured_image":"","footnotes":""},"class_list":["post-26","page","type-page","status-publish","hentry"],"_links":{"self":[{"href":"https:\/\/ih.olsztyn.pl\/index.php\/wp-json\/wp\/v2\/pages\/26","targetHints":{"allow":["GET"]}}],"collection":[{"href":"https:\/\/ih.olsztyn.pl\/index.php\/wp-json\/wp\/v2\/pages"}],"about":[{"href":"https:\/\/ih.olsztyn.pl\/index.php\/wp-json\/wp\/v2\/types\/page"}],"author":[{"embeddable":true,"href":"https:\/\/ih.olsztyn.pl\/index.php\/wp-json\/wp\/v2\/users\/1"}],"replies":[{"embeddable":true,"href":"https:\/\/ih.olsztyn.pl\/index.php\/wp-json\/wp\/v2\/comments?post=26"}],"version-history":[{"count":14,"href":"https:\/\/ih.olsztyn.pl\/index.php\/wp-json\/wp\/v2\/pages\/26\/revisions"}],"predecessor-version":[{"id":3243,"href":"https:\/\/ih.olsztyn.pl\/index.php\/wp-json\/wp\/v2\/pages\/26\/revisions\/3243"}],"wp:attachment":[{"href":"https:\/\/ih.olsztyn.pl\/index.php\/wp-json\/wp\/v2\/media?parent=26"}],"curies":[{"name":"wp","href":"https:\/\/api.w.org\/{rel}","templated":true}]}}