{"id":21,"date":"2018-05-17T12:40:00","date_gmt":"2018-02-15T09:27:16","guid":{"rendered":"http:\/\/192.168.0.51\/wordpress\/?page_id=21"},"modified":"2025-05-30T12:53:57","modified_gmt":"2025-05-30T10:53:57","slug":"olsztyn-dane-teleadresowe","status":"publish","type":"page","link":"https:\/\/ih.olsztyn.pl\/index.php\/olsztyn-dane-teleadresowe\/","title":{"rendered":"Olsztyn &#8211; dane teleadresowe"},"content":{"rendered":"<p>&nbsp;<\/p>\n<p><center><img decoding=\"async\" src=\"http:\/\/ih.olsztyn.pl\/images\/olsztyn.png\" alt=\"Zdj\u0119cie siedziby Wojew\u00f3dzkiego Inspektoratu Inspekcji Handlowej w Olsztynie\" \/><\/center><\/p>\n<p style=\"text-align: center;\"><strong>Wojew\u00f3dzki Inspektorat Inspekcji Handlowej w Olsztynie<\/strong><\/p>\n<p style=\"text-align: center;\">ul. D\u0105browszczak\u00f3w 10, 10-540 Olsztyn<\/p>\n<p style=\"text-align: center;\"><strong>tel:\u00a0<\/strong>(89) 527-27-65<\/p>\n<p style=\"text-align: center;\"><strong>e-mail: <\/strong><a href=\"mailto:olsztyn@ih.olsztyn.pl\">olsztyn@ih.olsztyn.pl<\/a><\/p>\n<p style=\"text-align: center;\"><strong>www:<\/strong>\u00a0<a href=\"http:\/\/bip.ih.olsztyn.pl\/p,47,wiih-olsztyn\">Strona BIP Inspektoratu<\/a><\/p>\n<p style=\"text-align: center;\"><strong>ePUAP:<\/strong> \/p81e83omk6\/SkrytkaESP<\/p>\n<p style=\"text-align: center;\"><strong>eDor\u0119czenia:<\/strong> AE:PL-32759-35380-GHHFA-37<\/p>\n<p style=\"text-align: center;\"><strong>\u00a0<\/strong><\/p>\n<p style=\"text-align: center;\"><strong>Godziny urz\u0119dowania:<\/strong><\/p>\n<table>\n<tbody>\n<tr>\n<td>poniedzia\u0142ek:<\/td>\n<td>7.30 &#8211; 18.00<\/td>\n<\/tr>\n<tr>\n<td>wtorek:<\/td>\n<td>7.30 &#8211; 15.30<\/td>\n<\/tr>\n<tr>\n<td>\u015broda:<\/td>\n<td>7.30 &#8211; 15.30<\/td>\n<\/tr>\n<tr>\n<td>czwartek:<\/td>\n<td>7.30 &#8211; 15.30<\/td>\n<\/tr>\n<tr>\n<td>pi\u0105tek:<\/td>\n<td>7.30 &#8211; 15.30<\/td>\n<\/tr>\n<\/tbody>\n<\/table>\n<p>&nbsp;<\/p>\n<p style=\"text-align: center;\"><strong>Warmi\u0144sko-Mazurski Urz\u0105d Wojew\u00f3dzki w Olsztynie<\/strong><\/p>\n<p style=\"text-align: center;\">Punkt przyj\u0119\u0107 w sprawach pozas\u0105dowego rozwi\u0105zywania spor\u00f3w konsumenckich<\/p>\n<p style=\"text-align: center;\">pok\u00f3j nr 47<\/p>\n<p style=\"text-align: center;\"><strong>Po uzgodnieniu telefonicznym<\/strong><\/p>\n<table>\n<tbody>\n<tr>\n<td>poniedzia\u0142ek:<\/td>\n<td>8.00 &#8211; 15.00<\/td>\n<\/tr>\n<tr>\n<td>wtorek:<\/td>\n<td>8.00 &#8211; 15.00<\/td>\n<\/tr>\n<tr>\n<td>\u015broda:<\/td>\n<td>8.00 &#8211; 15.00<\/td>\n<\/tr>\n<tr>\n<td>czwartek:<\/td>\n<td>8.00 &#8211; 15.00<\/td>\n<\/tr>\n<tr>\n<td>pi\u0105tek:<\/td>\n<td>8.00 &#8211; 15.00<\/td>\n<\/tr>\n<\/tbody>\n<\/table>\n<p>&nbsp;<\/p>\n<p style=\"text-align: center;\"><strong>W-M Wojew\u00f3dzki Inspektor Inspekcji Handlowej przyjmuje interesant\u00f3w w sprawach skarg, wniosk\u00f3w oraz petycji:<\/strong><\/p>\n<table>\n<tbody>\n<tr>\n<td>codziennie:<\/td>\n<td>8:00 &#8211; 10:00<\/td>\n<\/tr>\n<tr>\n<td>poniedzia\u0142ek:<\/td>\n<td>15:00 &#8211; 16:00<\/td>\n<\/tr>\n<tr>\n<td>wtorek:<\/td>\n<td>14:00 &#8211; 15:30<\/td>\n<\/tr>\n<\/tbody>\n<\/table>\n<p>&nbsp;<\/p>\n<p style=\"text-align: center;\"><strong>Dyrekcja\u00a0<\/strong><\/p>\n<p style=\"text-align: center;\">Warmi\u0144sko-Mazurski Wojew\u00f3dzki Inspektor Inspekcji Handlowej: <strong><u>Krystyna Procyk<br \/>\n<\/u><\/strong><\/p>\n<p style=\"text-align: center;\">Z-ca Warmi\u0144sko-Mazurskiego Wojew\u00f3dzkiego Inspektora Inspekcji Handlowej: <strong><span style=\"text-decoration: underline;\">Krzysztof Wojciechowski<\/span><u><br \/>\n<\/u><\/strong><\/p>\n","protected":false},"excerpt":{"rendered":"<p>&nbsp; Wojew\u00f3dzki Inspektorat Inspekcji Handlowej w Olsztynie ul. D\u0105browszczak\u00f3w 10, 10-540 Olsztyn tel:\u00a0(89) 527-27-65 e-mail: olsztyn@ih.olsztyn.pl www:\u00a0Strona BIP Inspektoratu ePUAP: \/p81e83omk6\/SkrytkaESP eDor\u0119czenia: AE:PL-32759-35380-GHHFA-37 \u00a0 Godziny urz\u0119dowania: poniedzia\u0142ek: 7.30 &#8211; 18.00 wtorek: 7.30 &#8211; 15.30 \u015broda: 7.30 &#8211; 15.30 czwartek: 7.30 &#8211; 15.30 pi\u0105tek: 7.30 &#8211; 15.30 &nbsp; Warmi\u0144sko-Mazurski Urz\u0105d Wojew\u00f3dzki w Olsztynie Punkt przyj\u0119\u0107 w [&hellip;]<\/p>\n","protected":false},"author":1,"featured_media":0,"parent":0,"menu_order":0,"comment_status":"closed","ping_status":"closed","template":"","meta":{"cybocfi_hide_featured_image":"","footnotes":""},"class_list":["post-21","page","type-page","status-publish","hentry"],"_links":{"self":[{"href":"https:\/\/ih.olsztyn.pl\/index.php\/wp-json\/wp\/v2\/pages\/21","targetHints":{"allow":["GET"]}}],"collection":[{"href":"https:\/\/ih.olsztyn.pl\/index.php\/wp-json\/wp\/v2\/pages"}],"about":[{"href":"https:\/\/ih.olsztyn.pl\/index.php\/wp-json\/wp\/v2\/types\/page"}],"author":[{"embeddable":true,"href":"https:\/\/ih.olsztyn.pl\/index.php\/wp-json\/wp\/v2\/users\/1"}],"replies":[{"embeddable":true,"href":"https:\/\/ih.olsztyn.pl\/index.php\/wp-json\/wp\/v2\/comments?post=21"}],"version-history":[{"count":28,"href":"https:\/\/ih.olsztyn.pl\/index.php\/wp-json\/wp\/v2\/pages\/21\/revisions"}],"predecessor-version":[{"id":3241,"href":"https:\/\/ih.olsztyn.pl\/index.php\/wp-json\/wp\/v2\/pages\/21\/revisions\/3241"}],"wp:attachment":[{"href":"https:\/\/ih.olsztyn.pl\/index.php\/wp-json\/wp\/v2\/media?parent=21"}],"curies":[{"name":"wp","href":"https:\/\/api.w.org\/{rel}","templated":true}]}}