{"id":1714,"date":"2021-07-06T10:54:26","date_gmt":"2021-07-06T08:54:26","guid":{"rendered":"https:\/\/ih.olsztyn.pl\/?page_id=1714"},"modified":"2022-05-09T09:50:52","modified_gmt":"2022-05-09T07:50:52","slug":"ostrzezenia","status":"publish","type":"page","link":"https:\/\/ih.olsztyn.pl\/index.php\/ostrzezenia\/","title":{"rendered":"Ostrze\u017cenia"},"content":{"rendered":"<p><strong>OSTRZE\u017bENIE<\/strong><\/p>\n<p><strong>\u00a0<\/strong><strong>TEGO PRODUKTU NIE KUPUJ !<\/strong><\/p>\n<p><strong>&#8211; widzisz?<\/strong><\/p>\n<p><strong>&#8211; kupi\u0142e\u015b?<\/strong><\/p>\n<p><strong>POWIADOM <\/strong><strong>Wojew\u00f3dzkiego Inspektora Inspekcji Handlowej <\/strong><\/p>\n<p>&nbsp;<\/p>\n<p><strong>Na tej stronie Wojew\u00f3dzki \u00a0Inspektor Inspekcji Handlowej jako organ nadzoru rynku przedstawia niebezpieczne produkty \u00a0obj\u0119te ostrze\u017ceniami w systemach:<\/strong><\/p>\n<ul>\n<li><strong>ICSMS \u2013 system informacyjny i komunikacyjny do cel\u00f3w nadzoru rynku<\/strong><\/li>\n<li><strong>RAPEX \u2013 system szybkiego ostrzegania o niebezpiecznych produktach nie\u017cywno\u015bciowych.<\/strong><\/li>\n<\/ul>\n<p><strong>Je\u017celi spotkaj\u0105 Pa\u0144stwo jeden z przedstawionych \u00a0produkt\u00f3w prosz\u0119 o powiadomienie nasz Inspektorat w celu wyeliminowania go z rynku. \u00a0<\/strong><\/p>\n<p>&nbsp;<\/p>\n<p>Ostrze\u017cenia b\u0119d\u0105 publikowane w formie miesi\u0119cznego raportu. Lista raport\u00f3w poni\u017cej:<\/p>\n<ul>\n<li>maj 2021r.:<strong> <a href=\"\/dokumenty\/icsms_052021.docx\">wersja dost\u0119pna cyfrowo<\/a> <\/strong><a href=\"\/dokumenty\/icsms_052021.pdf\"><strong>.pdf<\/strong><\/a><\/li>\n<li>czerwiec 2021r.:<strong> <a href=\"\/dokumenty\/icsms_062021.docx\">wersja dost\u0119pna cyfrowo<\/a> <\/strong><a href=\"\/dokumenty\/icsms_062021.pdf\"><strong>.pdf<\/strong><\/a><\/li>\n<li>sierpie\u0144 2021r.: <strong><a href=\"\/dokumenty\/icsms_082021.xlsx\">wersja dost\u0119pna cyfrowo<\/a> <a href=\"\/dokumenty\/icsms_082021.pdf\">.pdf<\/a><\/strong><\/li>\n<li>wrzesie\u0144 2021r.: <strong><a href=\"\/dokumenty\/icsms_092021.xlsx\">wersja dost\u0119pna cyfrowo<\/a> <a href=\"\/dokumenty\/icsms_092021.pdf\">.pdf<\/a><\/strong><\/li>\n<li>pa\u017adziernik 2021r.: <strong><a href=\"\/dokumenty\/icsms_102021.xlsx\">wersja dost\u0119pna cyfrowo<\/a> <a href=\"\/dokumenty\/icsms_102021.pdf\">.pdf<\/a><\/strong><\/li>\n<li>listopad 2021r.: <strong><a href=\"\/dokumenty\/icsms_112021.xlsx\">wersja dost\u0119pna cyfrowo<\/a> <a href=\"\/dokumenty\/icsms_112021.pdf\">.pdf<\/a><\/strong><\/li>\n<li>grudzie\u0144 2021r.: <strong><a href=\"\/dokumenty\/icsms_122021.xlsx\">wersja dost\u0119pna cyfrowo<\/a> <a href=\"\/dokumenty\/icsms_122021.pdf\">.pdf<\/a><\/strong><\/li>\n<li>stycze\u0144 2022r.: <strong><a href=\"\/dokumenty\/icsms_012022.xlsx\">wersja dost\u0119pna cyfrowo<\/a> <a href=\"\/dokumenty\/icsms_012022.pdf\">.pdf<\/a><\/strong><\/li>\n<li>luty 2022r.: <strong><a href=\"\/dokumenty\/icsms_022022.xlsx\">wersja dost\u0119pna cyfrowo<\/a> <a href=\"\/dokumenty\/icsms_022022.pdf\">.pdf<\/a><\/strong><\/li>\n<li>marzec 2022r.: <a href=\"\/dokumenty\/icsms_032022.xlsx\"><strong>wersja dost\u0119pna cyfrowo<\/strong><\/a><a href=\"\/dokumenty\/icsms_032022.pdf\"><strong> .pdf<\/strong><\/a><\/li>\n<\/ul>\n","protected":false},"excerpt":{"rendered":"<p>OSTRZE\u017bENIE \u00a0TEGO PRODUKTU NIE KUPUJ ! &#8211; widzisz? &#8211; kupi\u0142e\u015b? POWIADOM Wojew\u00f3dzkiego Inspektora Inspekcji Handlowej &nbsp; Na tej stronie Wojew\u00f3dzki \u00a0Inspektor Inspekcji Handlowej jako organ nadzoru rynku przedstawia niebezpieczne produkty \u00a0obj\u0119te ostrze\u017ceniami w systemach: ICSMS \u2013 system informacyjny i komunikacyjny do cel\u00f3w nadzoru rynku RAPEX \u2013 system szybkiego ostrzegania o niebezpiecznych produktach nie\u017cywno\u015bciowych. Je\u017celi spotkaj\u0105 [&hellip;]<\/p>\n","protected":false},"author":1,"featured_media":0,"parent":0,"menu_order":0,"comment_status":"closed","ping_status":"closed","template":"","meta":{"cybocfi_hide_featured_image":"","footnotes":""},"class_list":["post-1714","page","type-page","status-publish","hentry"],"_links":{"self":[{"href":"https:\/\/ih.olsztyn.pl\/index.php\/wp-json\/wp\/v2\/pages\/1714","targetHints":{"allow":["GET"]}}],"collection":[{"href":"https:\/\/ih.olsztyn.pl\/index.php\/wp-json\/wp\/v2\/pages"}],"about":[{"href":"https:\/\/ih.olsztyn.pl\/index.php\/wp-json\/wp\/v2\/types\/page"}],"author":[{"embeddable":true,"href":"https:\/\/ih.olsztyn.pl\/index.php\/wp-json\/wp\/v2\/users\/1"}],"replies":[{"embeddable":true,"href":"https:\/\/ih.olsztyn.pl\/index.php\/wp-json\/wp\/v2\/comments?post=1714"}],"version-history":[{"count":5,"href":"https:\/\/ih.olsztyn.pl\/index.php\/wp-json\/wp\/v2\/pages\/1714\/revisions"}],"predecessor-version":[{"id":2158,"href":"https:\/\/ih.olsztyn.pl\/index.php\/wp-json\/wp\/v2\/pages\/1714\/revisions\/2158"}],"wp:attachment":[{"href":"https:\/\/ih.olsztyn.pl\/index.php\/wp-json\/wp\/v2\/media?parent=1714"}],"curies":[{"name":"wp","href":"https:\/\/api.w.org\/{rel}","templated":true}]}}