{"id":151,"date":"2018-05-17T12:40:00","date_gmt":"2018-02-19T13:18:15","guid":{"rendered":"http:\/\/ih.olsztyn.pl\/wordpress\/?page_id=151"},"modified":"2025-06-24T09:13:14","modified_gmt":"2025-06-24T07:13:14","slug":"kontakt","status":"publish","type":"page","link":"https:\/\/ih.olsztyn.pl\/index.php\/kontakt\/","title":{"rendered":"Kontakt"},"content":{"rendered":"<p><strong>Wojew\u00f3dzki Inspektorat Inspekcji Handlowej w Olsztynie<\/strong><\/p>\n<p>D\u0105browszczak\u00f3w 10, 10-540 Olsztyn<\/p>\n<p><strong>tel:\u00a0<\/strong>(89) 527-27-65<\/p>\n<p><strong>e-mail: <\/strong><a href=\"mailto:olsztyn@ih.olsztyn.pl\">olsztyn@ih.olsztyn.pl<\/a><\/p>\n<p><strong>www:<\/strong>\u00a0<a href=\"http:\/\/bip.ih.olsztyn.pl\/p,47,wiih-olsztyn\">Strona BIP Inspektoratu<\/a><\/p>\n<p>&nbsp;<\/p>\n<p><strong>Urz\u0105d Wojew\u00f3dzki w Olsztynie<\/strong><\/p>\n<p>Al. Pi\u0142sudskiego 7\/9, 10-575 Olsztyn<\/p>\n<p><span style=\"color: #ff0000;\"><em>Pok\u00f3j 47<\/em><\/span><\/p>\n<p>Punkt przyj\u0119\u0107 w sprawach pozas\u0105dowego rozwi\u0105zywania spor\u00f3w konsumenckich<\/p>\n<p>tel: 502-058-788<\/p>\n<p>&nbsp;<\/p>\n<p><strong>Wojew\u00f3dzki Inspektorat Inspekcji Handlowej w Olsztynie &#8211; Delegatura w Elbl\u0105gu<\/strong><\/p>\n<p>Wojska Polskiego 1, 82-300 Elbl\u0105g<\/p>\n<p><strong>tel: <\/strong>(55) 641-78-81 <strong>fax: <\/strong>(55) 641-78-80<\/p>\n<p><strong>e-mail:\u00a0<\/strong><a href=\"mailto:elblag@ih.olsztyn.pl\">elblag@ih.olsztyn.pl<\/a><\/p>\n<p>&nbsp;<\/p>\n<p><strong>Wojew\u00f3dzki Inspektorat Inspekcji Handlowej w Olsztynie &#8211; Delegatura w E\u0142ku<\/strong><\/p>\n<p>Chopina 15, 19-300 E\u0142k<\/p>\n<p><strong>tel:\u00a0<\/strong>(87) 621-16-53<\/p>\n<p><strong>e-mail:\u00a0<\/strong><a href=\"mailto:elk@ih.olsztyn.pl\">elk@ih.olsztyn.pl<\/a><\/p>\n<p>&nbsp;<\/p>\n<p><strong>ePUAP:<\/strong> \/p81e83omk6\/SkrytkaESP<\/p>\n<p><strong>eDor\u0119czenia:<\/strong> AE:PL-32759-35380-GHHFA-37<\/p>\n<p>&nbsp;<\/p>\n","protected":false},"excerpt":{"rendered":"<p>Wojew\u00f3dzki Inspektorat Inspekcji Handlowej w Olsztynie D\u0105browszczak\u00f3w 10, 10-540 Olsztyn tel:\u00a0(89) 527-27-65 e-mail: olsztyn@ih.olsztyn.pl www:\u00a0Strona BIP Inspektoratu &nbsp; Urz\u0105d Wojew\u00f3dzki w Olsztynie Al. Pi\u0142sudskiego 7\/9, 10-575 Olsztyn Pok\u00f3j 47 Punkt przyj\u0119\u0107 w sprawach pozas\u0105dowego rozwi\u0105zywania spor\u00f3w konsumenckich tel: 502-058-788 &nbsp; Wojew\u00f3dzki Inspektorat Inspekcji Handlowej w Olsztynie &#8211; Delegatura w Elbl\u0105gu Wojska Polskiego 1, 82-300 Elbl\u0105g [&hellip;]<\/p>\n","protected":false},"author":1,"featured_media":0,"parent":0,"menu_order":0,"comment_status":"closed","ping_status":"closed","template":"","meta":{"cybocfi_hide_featured_image":"","footnotes":""},"class_list":["post-151","page","type-page","status-publish","hentry"],"_links":{"self":[{"href":"https:\/\/ih.olsztyn.pl\/index.php\/wp-json\/wp\/v2\/pages\/151","targetHints":{"allow":["GET"]}}],"collection":[{"href":"https:\/\/ih.olsztyn.pl\/index.php\/wp-json\/wp\/v2\/pages"}],"about":[{"href":"https:\/\/ih.olsztyn.pl\/index.php\/wp-json\/wp\/v2\/types\/page"}],"author":[{"embeddable":true,"href":"https:\/\/ih.olsztyn.pl\/index.php\/wp-json\/wp\/v2\/users\/1"}],"replies":[{"embeddable":true,"href":"https:\/\/ih.olsztyn.pl\/index.php\/wp-json\/wp\/v2\/comments?post=151"}],"version-history":[{"count":16,"href":"https:\/\/ih.olsztyn.pl\/index.php\/wp-json\/wp\/v2\/pages\/151\/revisions"}],"predecessor-version":[{"id":3256,"href":"https:\/\/ih.olsztyn.pl\/index.php\/wp-json\/wp\/v2\/pages\/151\/revisions\/3256"}],"wp:attachment":[{"href":"https:\/\/ih.olsztyn.pl\/index.php\/wp-json\/wp\/v2\/media?parent=151"}],"curies":[{"name":"wp","href":"https:\/\/api.w.org\/{rel}","templated":true}]}}